{"id":16187,"date":"2021-04-20T00:02:21","date_gmt":"2021-04-20T05:02:21","guid":{"rendered":"http:\/\/119.8.7.19\/masterprom\/producto\/tmps-120-2\/"},"modified":"2021-04-20T00:02:22","modified_gmt":"2021-04-20T05:02:22","slug":"tmps-120-2","status":"publish","type":"product","link":"http:\/\/119.8.7.19\/masterprom\/producto\/tmps-120-2\/","title":{"rendered":"TMPS 120"},"content":{"rendered":"<p>Termo Nantes (doble pared. cerrado al vac\u00edo. incluye agarradera. con aud\u00edfonos bluetooth con bater\u00eda recargable en base, reproducci\u00f3n de m\u00fasica por 1.5 hrs aproximadamente. incluye cargador usb y estuche para recargar los aud\u00edfonos. funci\u00f3n manos libres. ), Cap. \t500 ml<\/p>\n","protected":false},"excerpt":{"rendered":"<p>Termo Nantes (doble pared. cerrado al vac\u00edo. incluye agarradera. con aud\u00edfonos bluetooth con bater\u00eda recargable en base, reproducci\u00f3n de m\u00fasica por 1.5 hrs aproximadamente. incluye cargador usb y estuche para recargar los aud\u00edfonos. funci\u00f3n manos libres. ), Cap. \t500 ml<\/p>\n","protected":false},"featured_media":0,"comment_status":"closed","ping_status":"open","template":"","meta":[],"class_list":["post-16187","product","type-product","status-publish","hentry","product_cat-bebidas","product_cat-termos","product_tag-promoopcion"],"_links":{"self":[{"href":"http:\/\/119.8.7.19\/masterprom\/wp-json\/wp\/v2\/product\/16187","targetHints":{"allow":["GET"]}}],"collection":[{"href":"http:\/\/119.8.7.19\/masterprom\/wp-json\/wp\/v2\/product"}],"about":[{"href":"http:\/\/119.8.7.19\/masterprom\/wp-json\/wp\/v2\/types\/product"}],"replies":[{"embeddable":true,"href":"http:\/\/119.8.7.19\/masterprom\/wp-json\/wp\/v2\/comments?post=16187"}],"wp:attachment":[{"href":"http:\/\/119.8.7.19\/masterprom\/wp-json\/wp\/v2\/media?parent=16187"}],"curies":[{"name":"wp","href":"https:\/\/api.w.org\/{rel}","templated":true}]}}