{"id":16176,"date":"2021-04-20T00:02:36","date_gmt":"2021-04-20T05:02:36","guid":{"rendered":"http:\/\/119.8.7.19\/masterprom\/producto\/05-711\/"},"modified":"2021-04-20T00:02:38","modified_gmt":"2021-04-20T05:02:38","slug":"05-711","status":"publish","type":"product","link":"http:\/\/119.8.7.19\/masterprom\/producto\/05-711\/","title":{"rendered":"05-711"},"content":{"rendered":"<p>Taza t\u00e9rmica. Interior pl\u00e1stico, conexi\u00f3n para auto y USB para mantener el calor de tus bebidas<\/p>\n","protected":false},"excerpt":{"rendered":"<p>Taza t\u00e9rmica. Interior pl\u00e1stico, conexi\u00f3n para auto y USB para mantener el calor de tus bebidas<\/p>\n","protected":false},"featured_media":0,"comment_status":"closed","ping_status":"open","template":"","meta":[],"class_list":["post-16176","product","type-product","status-publish","hentry","product_cat-bebidas","product_cat-tazas-y-tarros","product_cat-termos","product_tag-blestar"],"_links":{"self":[{"href":"http:\/\/119.8.7.19\/masterprom\/wp-json\/wp\/v2\/product\/16176","targetHints":{"allow":["GET"]}}],"collection":[{"href":"http:\/\/119.8.7.19\/masterprom\/wp-json\/wp\/v2\/product"}],"about":[{"href":"http:\/\/119.8.7.19\/masterprom\/wp-json\/wp\/v2\/types\/product"}],"replies":[{"embeddable":true,"href":"http:\/\/119.8.7.19\/masterprom\/wp-json\/wp\/v2\/comments?post=16176"}],"wp:attachment":[{"href":"http:\/\/119.8.7.19\/masterprom\/wp-json\/wp\/v2\/media?parent=16176"}],"curies":[{"name":"wp","href":"https:\/\/api.w.org\/{rel}","templated":true}]}}