{"id":16166,"date":"2021-04-20T00:02:19","date_gmt":"2021-04-20T05:02:19","guid":{"rendered":"http:\/\/119.8.7.19\/masterprom\/producto\/t534\/"},"modified":"2021-04-20T00:02:19","modified_gmt":"2021-04-20T05:02:19","slug":"t534","status":"publish","type":"product","link":"http:\/\/119.8.7.19\/masterprom\/producto\/t534\/","title":{"rendered":"T534"},"content":{"rendered":"<p>Mug de doble pared. Tapa pl\u00e1stica con bot\u00f3n que permite la apertura. Traba de seguridad. Producto no t\u00e9rmico, Capacidad 500 ml.<\/p>\n","protected":false},"excerpt":{"rendered":"<p>Mug de doble pared. Tapa pl\u00e1stica con bot\u00f3n que permite la apertura. Traba de seguridad. Producto no t\u00e9rmico, Capacidad 500 ml.<\/p>\n","protected":false},"featured_media":0,"comment_status":"closed","ping_status":"open","template":"","meta":[],"class_list":["post-16166","product","type-product","status-publish","hentry","product_cat-bebidas","product_cat-termos","product_tag-cdo"],"_links":{"self":[{"href":"http:\/\/119.8.7.19\/masterprom\/wp-json\/wp\/v2\/product\/16166","targetHints":{"allow":["GET"]}}],"collection":[{"href":"http:\/\/119.8.7.19\/masterprom\/wp-json\/wp\/v2\/product"}],"about":[{"href":"http:\/\/119.8.7.19\/masterprom\/wp-json\/wp\/v2\/types\/product"}],"replies":[{"embeddable":true,"href":"http:\/\/119.8.7.19\/masterprom\/wp-json\/wp\/v2\/comments?post=16166"}],"wp:attachment":[{"href":"http:\/\/119.8.7.19\/masterprom\/wp-json\/wp\/v2\/media?parent=16166"}],"curies":[{"name":"wp","href":"https:\/\/api.w.org\/{rel}","templated":true}]}}