{"id":16162,"date":"2021-04-20T00:02:16","date_gmt":"2021-04-20T05:02:16","guid":{"rendered":"http:\/\/119.8.7.19\/masterprom\/producto\/ter-sio\/"},"modified":"2021-04-20T00:02:18","modified_gmt":"2021-04-20T05:02:18","slug":"ter-sio","status":"publish","type":"product","link":"http:\/\/119.8.7.19\/masterprom\/producto\/ter-sio\/","title":{"rendered":"TER-SIO"},"content":{"rendered":"<p>Termo 550 ml, dise\u00f1o \u00fanico por su altura, simetr\u00eda y combinaci\u00f3n de materiales, doble capa de Acero Inoxidable con terminado de alto brillo y banda de silic\u00f3n en negro o azul que le aportan personalidad<br \/>\na cada necesidad, tapa con cierre de Rosca, lavar antes de usar.<\/p>\n","protected":false},"excerpt":{"rendered":"<p>Termo 550 ml, dise\u00f1o \u00fanico por su altura, simetr\u00eda y combinaci\u00f3n de materiales, doble capa de Acero Inoxidable con terminado de alto brillo y banda de silic\u00f3n en negro o azul que le aportan personalidad<br \/>\na cada necesidad, tapa con cierre de Rosca, lavar antes de usar.<\/p>\n","protected":false},"featured_media":0,"comment_status":"closed","ping_status":"open","template":"","meta":[],"class_list":["post-16162","product","type-product","status-publish","hentry","product_cat-bebidas","product_cat-termos","product_tag-g4"],"_links":{"self":[{"href":"http:\/\/119.8.7.19\/masterprom\/wp-json\/wp\/v2\/product\/16162","targetHints":{"allow":["GET"]}}],"collection":[{"href":"http:\/\/119.8.7.19\/masterprom\/wp-json\/wp\/v2\/product"}],"about":[{"href":"http:\/\/119.8.7.19\/masterprom\/wp-json\/wp\/v2\/types\/product"}],"replies":[{"embeddable":true,"href":"http:\/\/119.8.7.19\/masterprom\/wp-json\/wp\/v2\/comments?post=16162"}],"wp:attachment":[{"href":"http:\/\/119.8.7.19\/masterprom\/wp-json\/wp\/v2\/media?parent=16162"}],"curies":[{"name":"wp","href":"https:\/\/api.w.org\/{rel}","templated":true}]}}