{"id":16160,"date":"2021-04-20T00:02:27","date_gmt":"2021-04-20T05:02:27","guid":{"rendered":"http:\/\/119.8.7.19\/masterprom\/producto\/vas-fun\/"},"modified":"2021-04-20T00:02:28","modified_gmt":"2021-04-20T05:02:28","slug":"vas-fun","status":"publish","type":"product","link":"http:\/\/119.8.7.19\/masterprom\/producto\/vas-fun\/","title":{"rendered":"VAS-FUN"},"content":{"rendered":"<p>Vaso t\u00e9rmico de acero inoxidable e interior pl\u00e1stico de 500 ml, base de silic\u00f3n hipoalerg\u00e9nico (colores varios), tapa con cierre de Rosca y boquilla de seguridad, lavar antes de usar.<\/p>\n","protected":false},"excerpt":{"rendered":"<p>Vaso t\u00e9rmico de acero inoxidable e interior pl\u00e1stico de 500 ml, base de silic\u00f3n hipoalerg\u00e9nico (colores varios), tapa con cierre de Rosca y boquilla de seguridad, lavar antes de usar.<\/p>\n","protected":false},"featured_media":0,"comment_status":"closed","ping_status":"open","template":"","meta":[],"class_list":["post-16160","product","type-product","status-publish","hentry","product_cat-bebidas","product_cat-termos","product_cat-vasos","product_tag-g4"],"_links":{"self":[{"href":"http:\/\/119.8.7.19\/masterprom\/wp-json\/wp\/v2\/product\/16160","targetHints":{"allow":["GET"]}}],"collection":[{"href":"http:\/\/119.8.7.19\/masterprom\/wp-json\/wp\/v2\/product"}],"about":[{"href":"http:\/\/119.8.7.19\/masterprom\/wp-json\/wp\/v2\/types\/product"}],"replies":[{"embeddable":true,"href":"http:\/\/119.8.7.19\/masterprom\/wp-json\/wp\/v2\/comments?post=16160"}],"wp:attachment":[{"href":"http:\/\/119.8.7.19\/masterprom\/wp-json\/wp\/v2\/media?parent=16160"}],"curies":[{"name":"wp","href":"https:\/\/api.w.org\/{rel}","templated":true}]}}