{"id":16159,"date":"2021-04-20T00:02:27","date_gmt":"2021-04-20T05:02:27","guid":{"rendered":"http:\/\/119.8.7.19\/masterprom\/producto\/vas-bla\/"},"modified":"2021-04-20T00:02:28","modified_gmt":"2021-04-20T05:02:28","slug":"vas-bla","status":"publish","type":"product","link":"http:\/\/119.8.7.19\/masterprom\/producto\/vas-bla\/","title":{"rendered":"VAS-BLA"},"content":{"rendered":"<p>Vaso T\u00e9rmico de acero inoxidable 400 ml., con mezcla \u00fanica de aceros, tapa de seguridad con cierre a presi\u00f3n y boquilla de seguridad, lavar antes de<br \/>\nusar.<\/p>\n","protected":false},"excerpt":{"rendered":"<p>Vaso T\u00e9rmico de acero inoxidable 400 ml., con mezcla \u00fanica de aceros, tapa de seguridad con cierre a presi\u00f3n y boquilla de seguridad, lavar antes de<br \/>\nusar.<\/p>\n","protected":false},"featured_media":0,"comment_status":"closed","ping_status":"open","template":"","meta":[],"class_list":["post-16159","product","type-product","status-publish","hentry","product_cat-bebidas","product_cat-termos","product_cat-vasos","product_tag-g4"],"_links":{"self":[{"href":"http:\/\/119.8.7.19\/masterprom\/wp-json\/wp\/v2\/product\/16159","targetHints":{"allow":["GET"]}}],"collection":[{"href":"http:\/\/119.8.7.19\/masterprom\/wp-json\/wp\/v2\/product"}],"about":[{"href":"http:\/\/119.8.7.19\/masterprom\/wp-json\/wp\/v2\/types\/product"}],"replies":[{"embeddable":true,"href":"http:\/\/119.8.7.19\/masterprom\/wp-json\/wp\/v2\/comments?post=16159"}],"wp:attachment":[{"href":"http:\/\/119.8.7.19\/masterprom\/wp-json\/wp\/v2\/media?parent=16159"}],"curies":[{"name":"wp","href":"https:\/\/api.w.org\/{rel}","templated":true}]}}