{"id":16158,"date":"2021-04-20T00:02:16","date_gmt":"2021-04-20T05:02:16","guid":{"rendered":"http:\/\/119.8.7.19\/masterprom\/producto\/anf-sou\/"},"modified":"2021-04-20T00:02:17","modified_gmt":"2021-04-20T05:02:17","slug":"anf-sou","status":"publish","type":"product","link":"http:\/\/119.8.7.19\/masterprom\/producto\/anf-sou\/","title":{"rendered":"ANF-SOU"},"content":{"rendered":"<p>Termo de 450 ml con cord\u00f3n en tapa para sujetarlo. Mantiene bebidas fr\u00edas durante 24 horas o calientes durante 12 horas. Termo negro con acabado texturizado. Hecho de acero inoxidable con<br \/>\ndoble pared. Tap\u00f3n con sellado de vac\u00edo que mantiene fresco el l\u00edquido que contenga y evita al 100% cualquier derrame, lavar antes de usar.<\/p>\n","protected":false},"excerpt":{"rendered":"<p>Termo de 450 ml con cord\u00f3n en tapa para sujetarlo. Mantiene bebidas fr\u00edas durante 24 horas o calientes durante 12 horas. Termo negro con acabado texturizado. Hecho de acero inoxidable con<br \/>\ndoble pared. Tap\u00f3n con sellado de vac\u00edo que mantiene fresco el l\u00edquido que contenga y evita al 100% cualquier derrame, lavar antes de usar.<\/p>\n","protected":false},"featured_media":0,"comment_status":"closed","ping_status":"open","template":"","meta":[],"class_list":["post-16158","product","type-product","status-publish","hentry","product_cat-bebidas","product_cat-termos","product_tag-g4"],"_links":{"self":[{"href":"http:\/\/119.8.7.19\/masterprom\/wp-json\/wp\/v2\/product\/16158","targetHints":{"allow":["GET"]}}],"collection":[{"href":"http:\/\/119.8.7.19\/masterprom\/wp-json\/wp\/v2\/product"}],"about":[{"href":"http:\/\/119.8.7.19\/masterprom\/wp-json\/wp\/v2\/types\/product"}],"replies":[{"embeddable":true,"href":"http:\/\/119.8.7.19\/masterprom\/wp-json\/wp\/v2\/comments?post=16158"}],"wp:attachment":[{"href":"http:\/\/119.8.7.19\/masterprom\/wp-json\/wp\/v2\/media?parent=16158"}],"curies":[{"name":"wp","href":"https:\/\/api.w.org\/{rel}","templated":true}]}}