{"id":16156,"date":"2021-04-20T00:02:24","date_gmt":"2021-04-20T05:02:24","guid":{"rendered":"http:\/\/119.8.7.19\/masterprom\/producto\/ta17\/"},"modified":"2021-04-20T00:02:26","modified_gmt":"2021-04-20T05:02:26","slug":"ta17","status":"publish","type":"product","link":"http:\/\/119.8.7.19\/masterprom\/producto\/ta17\/","title":{"rendered":"TA17"},"content":{"rendered":"<p>Termo para viaje para transportar bebidas. La parte inferior funciona como vaso y compartimento para guardar az\u00facar, caf\u00e9 o medicamentos, entre otros. Sistema de rosca. CAP. 450 ml. Presentaci\u00f3n: caja en color blanco.<\/p>\n","protected":false},"excerpt":{"rendered":"<p>Termo para viaje para transportar bebidas. La parte inferior funciona como vaso y compartimento para guardar az\u00facar, caf\u00e9 o medicamentos, entre otros. Sistema de rosca. CAP. 450 ml. Presentaci\u00f3n: caja en color blanco.<\/p>\n","protected":false},"featured_media":0,"comment_status":"closed","ping_status":"open","template":"","meta":[],"class_list":["post-16156","product","type-product","status-publish","hentry","product_cat-bebidas","product_cat-termos","product_cat-vasos","product_tag-winideas"],"_links":{"self":[{"href":"http:\/\/119.8.7.19\/masterprom\/wp-json\/wp\/v2\/product\/16156","targetHints":{"allow":["GET"]}}],"collection":[{"href":"http:\/\/119.8.7.19\/masterprom\/wp-json\/wp\/v2\/product"}],"about":[{"href":"http:\/\/119.8.7.19\/masterprom\/wp-json\/wp\/v2\/types\/product"}],"replies":[{"embeddable":true,"href":"http:\/\/119.8.7.19\/masterprom\/wp-json\/wp\/v2\/comments?post=16156"}],"wp:attachment":[{"href":"http:\/\/119.8.7.19\/masterprom\/wp-json\/wp\/v2\/media?parent=16156"}],"curies":[{"name":"wp","href":"https:\/\/api.w.org\/{rel}","templated":true}]}}