{"id":16154,"date":"2021-04-20T00:02:16","date_gmt":"2021-04-20T05:02:16","guid":{"rendered":"http:\/\/119.8.7.19\/masterprom\/producto\/2tt5838\/"},"modified":"2021-04-20T00:02:17","modified_gmt":"2021-04-20T05:02:17","slug":"2tt5838","status":"publish","type":"product","link":"http:\/\/119.8.7.19\/masterprom\/producto\/2tt5838\/","title":{"rendered":"2TT5838"},"content":{"rendered":"<p>Estuche de viaje con recipientes t\u00e9rmicos, correa ajustable, interior plastificado, bolsas de malla y cierre. Incluye: un termo con tapa-vaso de rosca. CAP. 500 ml. Dos tazas t\u00e9rmicas CAP. 200 ml. y dos cucharas de acero inoxidable. Estuche de poli\u00e9ster.TER \u00d8 7 x 27 cm TZ \u00d8 8 x 7 cm<\/p>\n","protected":false},"excerpt":{"rendered":"<p>Estuche de viaje con recipientes t\u00e9rmicos, correa ajustable, interior plastificado, bolsas de malla y cierre. Incluye: un termo con tapa-vaso de rosca. CAP. 500 ml. Dos tazas t\u00e9rmicas CAP. 200 ml. y dos cucharas de acero inoxidable. Estuche de poli\u00e9ster.<\/p>\n","protected":false},"featured_media":0,"comment_status":"closed","ping_status":"open","template":"","meta":[],"class_list":["post-16154","product","type-product","status-publish","hentry","product_cat-bebidas","product_cat-termos","product_tag-winideas"],"_links":{"self":[{"href":"http:\/\/119.8.7.19\/masterprom\/wp-json\/wp\/v2\/product\/16154","targetHints":{"allow":["GET"]}}],"collection":[{"href":"http:\/\/119.8.7.19\/masterprom\/wp-json\/wp\/v2\/product"}],"about":[{"href":"http:\/\/119.8.7.19\/masterprom\/wp-json\/wp\/v2\/types\/product"}],"replies":[{"embeddable":true,"href":"http:\/\/119.8.7.19\/masterprom\/wp-json\/wp\/v2\/comments?post=16154"}],"wp:attachment":[{"href":"http:\/\/119.8.7.19\/masterprom\/wp-json\/wp\/v2\/media?parent=16154"}],"curies":[{"name":"wp","href":"https:\/\/api.w.org\/{rel}","templated":true}]}}