{"id":16153,"date":"2021-04-20T00:02:16","date_gmt":"2021-04-20T05:02:16","guid":{"rendered":"http:\/\/119.8.7.19\/masterprom\/producto\/jte1794\/"},"modified":"2021-04-20T00:02:17","modified_gmt":"2021-04-20T05:02:17","slug":"jte1794","status":"publish","type":"product","link":"http:\/\/119.8.7.19\/masterprom\/producto\/jte1794\/","title":{"rendered":"JTE1794"},"content":{"rendered":"<p>Jarra t\u00e9rmica de acero inoxidable con c\u00e1psula de vidrio, permite mantener calientes los l\u00edquidos hasta 24 hrs. CAP. 750 ml.<\/p>\n","protected":false},"excerpt":{"rendered":"<p>Jarra t\u00e9rmica de acero inoxidable con c\u00e1psula de vidrio, permite mantener calientes los l\u00edquidos hasta 24 hrs. CAP. 750 ml.<\/p>\n","protected":false},"featured_media":0,"comment_status":"closed","ping_status":"open","template":"","meta":[],"class_list":["post-16153","product","type-product","status-publish","hentry","product_cat-bebidas","product_cat-termos","product_tag-winideas"],"_links":{"self":[{"href":"http:\/\/119.8.7.19\/masterprom\/wp-json\/wp\/v2\/product\/16153","targetHints":{"allow":["GET"]}}],"collection":[{"href":"http:\/\/119.8.7.19\/masterprom\/wp-json\/wp\/v2\/product"}],"about":[{"href":"http:\/\/119.8.7.19\/masterprom\/wp-json\/wp\/v2\/types\/product"}],"replies":[{"embeddable":true,"href":"http:\/\/119.8.7.19\/masterprom\/wp-json\/wp\/v2\/comments?post=16153"}],"wp:attachment":[{"href":"http:\/\/119.8.7.19\/masterprom\/wp-json\/wp\/v2\/media?parent=16153"}],"curies":[{"name":"wp","href":"https:\/\/api.w.org\/{rel}","templated":true}]}}