{"id":16152,"date":"2021-04-20T00:02:16","date_gmt":"2021-04-20T05:02:16","guid":{"rendered":"http:\/\/119.8.7.19\/masterprom\/producto\/a2337\/"},"modified":"2021-04-20T00:02:17","modified_gmt":"2021-04-20T05:02:17","slug":"a2337","status":"publish","type":"product","link":"http:\/\/119.8.7.19\/masterprom\/producto\/a2337\/","title":{"rendered":"A2337"},"content":{"rendered":"<p>Termo met\u00e1lico con dise\u00f1o ergon\u00f3mico, con acabado en esmalte blanco y banda superior de silic\u00f3n en color. Cuenta con interior en acero inoxidable, tapa de rosca herm\u00e9tica, seguro para l\u00edquidos con bisagra en color y goma antiderrapante en la base. CAP. 400 ml. Presentaci\u00f3n: caja en color blanco.<\/p>\n","protected":false},"excerpt":{"rendered":"<p>Termo met\u00e1lico con dise\u00f1o ergon\u00f3mico, con acabado en esmalte blanco y banda superior de silic\u00f3n en color. Cuenta con interior en acero inoxidable, tapa de rosca herm\u00e9tica, seguro para l\u00edquidos con bisagra en color y goma antiderrapante en la base. CAP. 400 ml. Presentaci\u00f3n: caja en color blanco.<\/p>\n","protected":false},"featured_media":0,"comment_status":"closed","ping_status":"open","template":"","meta":[],"class_list":["post-16152","product","type-product","status-publish","hentry","product_cat-bebidas","product_cat-termos","product_tag-winideas"],"_links":{"self":[{"href":"http:\/\/119.8.7.19\/masterprom\/wp-json\/wp\/v2\/product\/16152","targetHints":{"allow":["GET"]}}],"collection":[{"href":"http:\/\/119.8.7.19\/masterprom\/wp-json\/wp\/v2\/product"}],"about":[{"href":"http:\/\/119.8.7.19\/masterprom\/wp-json\/wp\/v2\/types\/product"}],"replies":[{"embeddable":true,"href":"http:\/\/119.8.7.19\/masterprom\/wp-json\/wp\/v2\/comments?post=16152"}],"wp:attachment":[{"href":"http:\/\/119.8.7.19\/masterprom\/wp-json\/wp\/v2\/media?parent=16152"}],"curies":[{"name":"wp","href":"https:\/\/api.w.org\/{rel}","templated":true}]}}