{"id":16151,"date":"2021-04-20T00:02:16","date_gmt":"2021-04-20T05:02:16","guid":{"rendered":"http:\/\/119.8.7.19\/masterprom\/producto\/a2476\/"},"modified":"2021-04-20T00:02:17","modified_gmt":"2021-04-20T05:02:17","slug":"a2476","status":"publish","type":"product","link":"http:\/\/119.8.7.19\/masterprom\/producto\/a2476\/","title":{"rendered":"A2476"},"content":{"rendered":"<p>Termo de acero inoxidable con doble pared, insulado al alto vac\u00edo. Cuenta con sellado herm\u00e9tico y asa para transportar. Cap. 700 ml. Presentaci\u00f3n: caja en color blanco.<\/p>\n","protected":false},"excerpt":{"rendered":"<p>Termo de acero inoxidable con doble pared, insulado al alto vac\u00edo. Cuenta con sellado herm\u00e9tico y asa para transportar. Cap. 700 ml. Presentaci\u00f3n: caja en color blanco.<\/p>\n","protected":false},"featured_media":0,"comment_status":"closed","ping_status":"open","template":"","meta":[],"class_list":["post-16151","product","type-product","status-publish","hentry","product_cat-bebidas","product_cat-termos","product_tag-winideas"],"_links":{"self":[{"href":"http:\/\/119.8.7.19\/masterprom\/wp-json\/wp\/v2\/product\/16151","targetHints":{"allow":["GET"]}}],"collection":[{"href":"http:\/\/119.8.7.19\/masterprom\/wp-json\/wp\/v2\/product"}],"about":[{"href":"http:\/\/119.8.7.19\/masterprom\/wp-json\/wp\/v2\/types\/product"}],"replies":[{"embeddable":true,"href":"http:\/\/119.8.7.19\/masterprom\/wp-json\/wp\/v2\/comments?post=16151"}],"wp:attachment":[{"href":"http:\/\/119.8.7.19\/masterprom\/wp-json\/wp\/v2\/media?parent=16151"}],"curies":[{"name":"wp","href":"https:\/\/api.w.org\/{rel}","templated":true}]}}