{"id":16150,"date":"2021-04-20T00:02:16","date_gmt":"2021-04-20T05:02:16","guid":{"rendered":"http:\/\/119.8.7.19\/masterprom\/producto\/a2319\/"},"modified":"2021-04-20T00:02:16","modified_gmt":"2021-04-20T05:02:16","slug":"a2319","status":"publish","type":"product","link":"http:\/\/119.8.7.19\/masterprom\/producto\/a2319\/","title":{"rendered":"A2319"},"content":{"rendered":"<p>Termo para auto de alta tecnolog\u00eda que mantiene por m\u00e1s tiempo la temperatura de sus bebidas preferidas. Conserva el fr\u00edo por 24 horas y el calor por 12 horas. Su dise\u00f1o ergon\u00f3mico de ajuste perfectamente al autom\u00f3vil, lo que le permitir\u00e1 llevar c\u00f3modamente sus bebidas, evitando derrames. Brinda excelentes caracter\u00edsticas de aislamiento t\u00e9rmico, gracias a que cuenta con doble pared insulada al vac\u00edo de acero inoxidable y capa interior de cobre. Incluye tapa de presi\u00f3n transparente CAP. 820 ml. Presentaci\u00f3n:caja en color blanco.\u00d8 10 x 20 cm Cap. 820 ml \/ 30 oz.<\/p>\n","protected":false},"excerpt":{"rendered":"<p>Termo para auto de alta tecnolog\u00eda que mantiene por m\u00e1s tiempo la temperatura de sus bebidas preferidas. Conserva el fr\u00edo por 24 horas y el calor por 12 horas. Su dise\u00f1o ergon\u00f3mico de ajuste perfectamente al autom\u00f3vil, lo que le permitir\u00e1 llevar c\u00f3modamente sus bebidas, evitando derrames. Brinda excelentes caracter\u00edsticas de aislamiento t\u00e9rmico, gracias a que cuenta con doble pared insulada al vac\u00edo de acero inoxidable y capa interior de cobre. Incluye tapa de presi\u00f3n transparente CAP. 820 ml. Presentaci\u00f3n:caja en color blanco.<\/p>\n","protected":false},"featured_media":0,"comment_status":"closed","ping_status":"open","template":"","meta":[],"class_list":["post-16150","product","type-product","status-publish","hentry","product_cat-bebidas","product_cat-termos","product_tag-winideas"],"_links":{"self":[{"href":"http:\/\/119.8.7.19\/masterprom\/wp-json\/wp\/v2\/product\/16150","targetHints":{"allow":["GET"]}}],"collection":[{"href":"http:\/\/119.8.7.19\/masterprom\/wp-json\/wp\/v2\/product"}],"about":[{"href":"http:\/\/119.8.7.19\/masterprom\/wp-json\/wp\/v2\/types\/product"}],"replies":[{"embeddable":true,"href":"http:\/\/119.8.7.19\/masterprom\/wp-json\/wp\/v2\/comments?post=16150"}],"wp:attachment":[{"href":"http:\/\/119.8.7.19\/masterprom\/wp-json\/wp\/v2\/media?parent=16150"}],"curies":[{"name":"wp","href":"https:\/\/api.w.org\/{rel}","templated":true}]}}