{"id":16137,"date":"2021-04-20T00:02:13","date_gmt":"2021-04-20T05:02:13","guid":{"rendered":"http:\/\/119.8.7.19\/masterprom\/producto\/t34\/"},"modified":"2021-04-21T23:45:24","modified_gmt":"2021-04-22T04:45:24","slug":"t34","status":"publish","type":"product","link":"http:\/\/119.8.7.19\/masterprom\/producto\/t34\/","title":{"rendered":"T34"},"content":{"rendered":"<p>Termo de alta tecnolog\u00eda con doble pared de acero inoxidable, que mantiene tus bebidas calientes y fr\u00edas por m\u00e1s tiempo. Incluye tapa de presi\u00f3n transparente. Cap. 870 ml.<\/p>\n","protected":false},"excerpt":{"rendered":"<p>Termo de alta tecnolog\u00eda con doble pared de acero inoxidable, que mantiene tus bebidas calientes y fr\u00edas por m\u00e1s tiempo. Incluye tapa de presi\u00f3n transparente. Cap. 870 ml.<\/p>\n","protected":false},"featured_media":18793,"comment_status":"closed","ping_status":"closed","template":"","meta":[],"class_list":["post-16137","product","type-product","status-publish","has-post-thumbnail","hentry","product_cat-bebidas","product_cat-termos","product_tag-4-promotional"],"_links":{"self":[{"href":"http:\/\/119.8.7.19\/masterprom\/wp-json\/wp\/v2\/product\/16137","targetHints":{"allow":["GET"]}}],"collection":[{"href":"http:\/\/119.8.7.19\/masterprom\/wp-json\/wp\/v2\/product"}],"about":[{"href":"http:\/\/119.8.7.19\/masterprom\/wp-json\/wp\/v2\/types\/product"}],"replies":[{"embeddable":true,"href":"http:\/\/119.8.7.19\/masterprom\/wp-json\/wp\/v2\/comments?post=16137"}],"wp:featuredmedia":[{"embeddable":true,"href":"http:\/\/119.8.7.19\/masterprom\/wp-json\/wp\/v2\/media\/18793"}],"wp:attachment":[{"href":"http:\/\/119.8.7.19\/masterprom\/wp-json\/wp\/v2\/media?parent=16137"}],"curies":[{"name":"wp","href":"https:\/\/api.w.org\/{rel}","templated":true}]}}