{"id":16128,"date":"2021-04-20T00:02:13","date_gmt":"2021-04-20T05:02:13","guid":{"rendered":"http:\/\/119.8.7.19\/masterprom\/producto\/anf-055\/"},"modified":"2021-04-20T00:02:13","modified_gmt":"2021-04-20T05:02:13","slug":"anf-055","status":"publish","type":"product","link":"http:\/\/119.8.7.19\/masterprom\/producto\/anf-055\/","title":{"rendered":"ANF-055"},"content":{"rendered":"<p>Cilindro bal\u00f3n de f\u00fatbol americano (tapa con v\u00e1lvula de seguridad.) cap. 1300 ml<\/p>\n","protected":false},"excerpt":{"rendered":"<p>Cilindro bal\u00f3n de f\u00fatbol americano (tapa con v\u00e1lvula de seguridad.) cap. 1300 ml<\/p>\n","protected":false},"featured_media":0,"comment_status":"closed","ping_status":"open","template":"","meta":[],"class_list":["post-16128","product","type-product","status-publish","hentry","product_cat-bebidas","product_cat-cilindros","product_tag-promoopcion"],"_links":{"self":[{"href":"http:\/\/119.8.7.19\/masterprom\/wp-json\/wp\/v2\/product\/16128","targetHints":{"allow":["GET"]}}],"collection":[{"href":"http:\/\/119.8.7.19\/masterprom\/wp-json\/wp\/v2\/product"}],"about":[{"href":"http:\/\/119.8.7.19\/masterprom\/wp-json\/wp\/v2\/types\/product"}],"replies":[{"embeddable":true,"href":"http:\/\/119.8.7.19\/masterprom\/wp-json\/wp\/v2\/comments?post=16128"}],"wp:attachment":[{"href":"http:\/\/119.8.7.19\/masterprom\/wp-json\/wp\/v2\/media?parent=16128"}],"curies":[{"name":"wp","href":"https:\/\/api.w.org\/{rel}","templated":true}]}}