{"id":16126,"date":"2021-04-20T00:02:13","date_gmt":"2021-04-20T05:02:13","guid":{"rendered":"http:\/\/119.8.7.19\/masterprom\/producto\/spo-004\/"},"modified":"2021-04-20T00:02:13","modified_gmt":"2021-04-20T05:02:13","slug":"spo-004","status":"publish","type":"product","link":"http:\/\/119.8.7.19\/masterprom\/producto\/spo-004\/","title":{"rendered":"SPO-004"},"content":{"rendered":"<p>Cilindro con toalla deportiva laval (kit de cilindro con v\u00e1lvula de seguridad y rosca twist-off con toalla de sistema de enfriamiento instant\u00e1neo al contacto con el agua. el cilindro y la toalla se entregan por separdo para su impresi\u00f3n. )6 x 18.9 cm Cilindro \/ 30 x 100 cm Toalla<\/p>\n","protected":false},"excerpt":{"rendered":"<p>Cilindro con toalla deportiva laval (kit de cilindro con v\u00e1lvula de seguridad y rosca twist-off con toalla de sistema de enfriamiento instant\u00e1neo al contacto con el agua. el cilindro y la toalla se entregan por separdo para su impresi\u00f3n. )<\/p>\n","protected":false},"featured_media":0,"comment_status":"closed","ping_status":"open","template":"","meta":[],"class_list":["post-16126","product","type-product","status-publish","hentry","product_cat-bebidas","product_cat-cilindros","product_tag-promoopcion"],"_links":{"self":[{"href":"http:\/\/119.8.7.19\/masterprom\/wp-json\/wp\/v2\/product\/16126","targetHints":{"allow":["GET"]}}],"collection":[{"href":"http:\/\/119.8.7.19\/masterprom\/wp-json\/wp\/v2\/product"}],"about":[{"href":"http:\/\/119.8.7.19\/masterprom\/wp-json\/wp\/v2\/types\/product"}],"replies":[{"embeddable":true,"href":"http:\/\/119.8.7.19\/masterprom\/wp-json\/wp\/v2\/comments?post=16126"}],"wp:attachment":[{"href":"http:\/\/119.8.7.19\/masterprom\/wp-json\/wp\/v2\/media?parent=16126"}],"curies":[{"name":"wp","href":"https:\/\/api.w.org\/{rel}","templated":true}]}}