{"id":16105,"date":"2021-04-20T00:02:09","date_gmt":"2021-04-20T05:02:09","guid":{"rendered":"http:\/\/119.8.7.19\/masterprom\/producto\/bb71085\/"},"modified":"2021-04-20T00:02:09","modified_gmt":"2021-04-20T05:02:09","slug":"bb71085","status":"publish","type":"product","link":"http:\/\/119.8.7.19\/masterprom\/producto\/bb71085\/","title":{"rendered":"BB71085"},"content":{"rendered":"<p>Botella Spartan 1 Lt, garant\u00eda de por vida con dise\u00f1o agarra f\u00e1cil a prueba de fugas, resistente a temperaturas extremas, lavavajillas y congelador.<\/p>\n","protected":false},"excerpt":{"rendered":"<p>Botella Spartan 1 Lt, garant\u00eda de por vida con dise\u00f1o agarra f\u00e1cil a prueba de fugas, resistente a temperaturas extremas, lavavajillas y congelador.<\/p>\n","protected":false},"featured_media":0,"comment_status":"closed","ping_status":"open","template":"","meta":[],"class_list":["post-16105","product","type-product","status-publish","hentry","product_cat-bebidas","product_cat-cilindros","product_tag-promoline"],"_links":{"self":[{"href":"http:\/\/119.8.7.19\/masterprom\/wp-json\/wp\/v2\/product\/16105","targetHints":{"allow":["GET"]}}],"collection":[{"href":"http:\/\/119.8.7.19\/masterprom\/wp-json\/wp\/v2\/product"}],"about":[{"href":"http:\/\/119.8.7.19\/masterprom\/wp-json\/wp\/v2\/types\/product"}],"replies":[{"embeddable":true,"href":"http:\/\/119.8.7.19\/masterprom\/wp-json\/wp\/v2\/comments?post=16105"}],"wp:attachment":[{"href":"http:\/\/119.8.7.19\/masterprom\/wp-json\/wp\/v2\/media?parent=16105"}],"curies":[{"name":"wp","href":"https:\/\/api.w.org\/{rel}","templated":true}]}}