{"id":16096,"date":"2021-04-20T00:02:06","date_gmt":"2021-04-20T05:02:06","guid":{"rendered":"http:\/\/119.8.7.19\/masterprom\/producto\/cil-con\/"},"modified":"2021-04-20T00:02:08","modified_gmt":"2021-04-20T05:02:08","slug":"cil-con","status":"publish","type":"product","link":"http:\/\/119.8.7.19\/masterprom\/producto\/cil-con\/","title":{"rendered":"CIL-CON"},"content":{"rendered":"<p>Cilindro de pet en colores transl\u00facidos de 700 ml. Tapa con cierre de rosca con chup\u00f3n, dise\u00f1o ergon\u00f3mico para tu m\u00e1xima comodidad, hecho en M\u00e9xico, lavar antes de usar.<\/p>\n","protected":false},"excerpt":{"rendered":"<p>Cilindro de pet en colores transl\u00facidos de 700 ml. Tapa con cierre de rosca con chup\u00f3n, dise\u00f1o ergon\u00f3mico para tu m\u00e1xima comodidad, hecho en M\u00e9xico, lavar antes de usar.<\/p>\n","protected":false},"featured_media":0,"comment_status":"closed","ping_status":"open","template":"","meta":[],"class_list":["post-16096","product","type-product","status-publish","hentry","product_cat-bebidas","product_cat-cilindros","product_tag-g4"],"_links":{"self":[{"href":"http:\/\/119.8.7.19\/masterprom\/wp-json\/wp\/v2\/product\/16096","targetHints":{"allow":["GET"]}}],"collection":[{"href":"http:\/\/119.8.7.19\/masterprom\/wp-json\/wp\/v2\/product"}],"about":[{"href":"http:\/\/119.8.7.19\/masterprom\/wp-json\/wp\/v2\/types\/product"}],"replies":[{"embeddable":true,"href":"http:\/\/119.8.7.19\/masterprom\/wp-json\/wp\/v2\/comments?post=16096"}],"wp:attachment":[{"href":"http:\/\/119.8.7.19\/masterprom\/wp-json\/wp\/v2\/media?parent=16096"}],"curies":[{"name":"wp","href":"https:\/\/api.w.org\/{rel}","templated":true}]}}