{"id":16094,"date":"2021-04-20T00:02:16","date_gmt":"2021-04-20T05:02:16","guid":{"rendered":"http:\/\/119.8.7.19\/masterprom\/producto\/anf-sta\/"},"modified":"2021-04-20T00:02:18","modified_gmt":"2021-04-20T05:02:18","slug":"anf-sta","status":"publish","type":"product","link":"http:\/\/119.8.7.19\/masterprom\/producto\/anf-sta\/","title":{"rendered":"ANF-STA"},"content":{"rendered":"<p>Termo con forma de botella que mantendr\u00e1 tu bebida fr\u00eda durante 24 horas o caliente durante 12 horas. Acabados mate y de alto brillo con doble pared, tap\u00f3n con sellado de vac\u00edo que mantiene fresco el l\u00edquido que contenga y evita al 100% cualquier derrame, capacidad: 500 ml, lavar antes de usar.<\/p>\n","protected":false},"excerpt":{"rendered":"<p>Termo con forma de botella que mantendr\u00e1 tu bebida fr\u00eda durante 24 horas o caliente durante 12 horas. Acabados mate y de alto brillo con doble pared, tap\u00f3n con sellado de vac\u00edo que mantiene fresco el l\u00edquido que contenga y evita al 100% cualquier derrame, capacidad: 500 ml, lavar antes de usar.<\/p>\n","protected":false},"featured_media":0,"comment_status":"closed","ping_status":"open","template":"","meta":[],"class_list":["post-16094","product","type-product","status-publish","hentry","product_cat-bebidas","product_cat-cilindros","product_cat-termos","product_tag-g4"],"_links":{"self":[{"href":"http:\/\/119.8.7.19\/masterprom\/wp-json\/wp\/v2\/product\/16094","targetHints":{"allow":["GET"]}}],"collection":[{"href":"http:\/\/119.8.7.19\/masterprom\/wp-json\/wp\/v2\/product"}],"about":[{"href":"http:\/\/119.8.7.19\/masterprom\/wp-json\/wp\/v2\/types\/product"}],"replies":[{"embeddable":true,"href":"http:\/\/119.8.7.19\/masterprom\/wp-json\/wp\/v2\/comments?post=16094"}],"wp:attachment":[{"href":"http:\/\/119.8.7.19\/masterprom\/wp-json\/wp\/v2\/media?parent=16094"}],"curies":[{"name":"wp","href":"https:\/\/api.w.org\/{rel}","templated":true}]}}