{"id":16093,"date":"2021-04-20T00:02:06","date_gmt":"2021-04-20T05:02:06","guid":{"rendered":"http:\/\/119.8.7.19\/masterprom\/producto\/anf-pop\/"},"modified":"2021-04-20T00:02:07","modified_gmt":"2021-04-20T05:02:07","slug":"anf-pop","status":"publish","type":"product","link":"http:\/\/119.8.7.19\/masterprom\/producto\/anf-pop\/","title":{"rendered":"ANF-POP"},"content":{"rendered":"<p>\u00c1nfora de acero Inoxidable 700 ml. Tapa de pl\u00e1stico con dise\u00f1o de f\u00e1cil agarre y cierre de rosca, lavar antes de usar.<\/p>\n","protected":false},"excerpt":{"rendered":"<p>\u00c1nfora de acero Inoxidable 700 ml. Tapa de pl\u00e1stico con dise\u00f1o de f\u00e1cil agarre y cierre de rosca, lavar antes de usar.<\/p>\n","protected":false},"featured_media":0,"comment_status":"closed","ping_status":"open","template":"","meta":[],"class_list":["post-16093","product","type-product","status-publish","hentry","product_cat-bebidas","product_cat-cilindros","product_tag-g4"],"_links":{"self":[{"href":"http:\/\/119.8.7.19\/masterprom\/wp-json\/wp\/v2\/product\/16093","targetHints":{"allow":["GET"]}}],"collection":[{"href":"http:\/\/119.8.7.19\/masterprom\/wp-json\/wp\/v2\/product"}],"about":[{"href":"http:\/\/119.8.7.19\/masterprom\/wp-json\/wp\/v2\/types\/product"}],"replies":[{"embeddable":true,"href":"http:\/\/119.8.7.19\/masterprom\/wp-json\/wp\/v2\/comments?post=16093"}],"wp:attachment":[{"href":"http:\/\/119.8.7.19\/masterprom\/wp-json\/wp\/v2\/media?parent=16093"}],"curies":[{"name":"wp","href":"https:\/\/api.w.org\/{rel}","templated":true}]}}