{"id":16089,"date":"2021-04-20T00:02:06","date_gmt":"2021-04-20T05:02:06","guid":{"rendered":"http:\/\/119.8.7.19\/masterprom\/producto\/bot-ori\/"},"modified":"2021-04-20T00:02:07","modified_gmt":"2021-04-20T05:02:07","slug":"bot-ori","status":"publish","type":"product","link":"http:\/\/119.8.7.19\/masterprom\/producto\/bot-ori\/","title":{"rendered":"BOT-ORI"},"content":{"rendered":"<p>Botella artesanal de vidrio soplado, fabricada manualmente con acabado martillado. Cuenta con base y tap\u00f3n en silic\u00f3n hipoalerg\u00e9nico especial para evitar la adherencia de polvo, capacidad: 500 ml, lavar antes de usar. Botella Transparente, Tapa de color<\/p>\n","protected":false},"excerpt":{"rendered":"<p>Botella artesanal de vidrio soplado, fabricada manualmente con acabado martillado. Cuenta con base y tap\u00f3n en silic\u00f3n hipoalerg\u00e9nico especial para evitar la adherencia de polvo, capacidad: 500 ml, lavar antes de usar. Botella Transparente, Tapa de color<\/p>\n","protected":false},"featured_media":0,"comment_status":"closed","ping_status":"open","template":"","meta":[],"class_list":["post-16089","product","type-product","status-publish","hentry","product_cat-bebidas","product_cat-cilindros","product_tag-g4"],"_links":{"self":[{"href":"http:\/\/119.8.7.19\/masterprom\/wp-json\/wp\/v2\/product\/16089","targetHints":{"allow":["GET"]}}],"collection":[{"href":"http:\/\/119.8.7.19\/masterprom\/wp-json\/wp\/v2\/product"}],"about":[{"href":"http:\/\/119.8.7.19\/masterprom\/wp-json\/wp\/v2\/types\/product"}],"replies":[{"embeddable":true,"href":"http:\/\/119.8.7.19\/masterprom\/wp-json\/wp\/v2\/comments?post=16089"}],"wp:attachment":[{"href":"http:\/\/119.8.7.19\/masterprom\/wp-json\/wp\/v2\/media?parent=16089"}],"curies":[{"name":"wp","href":"https:\/\/api.w.org\/{rel}","templated":true}]}}