{"id":16088,"date":"2021-04-20T00:02:06","date_gmt":"2021-04-20T05:02:06","guid":{"rendered":"http:\/\/119.8.7.19\/masterprom\/producto\/cil-bam\/"},"modified":"2021-04-20T00:02:06","modified_gmt":"2021-04-20T05:02:06","slug":"cil-bam","status":"publish","type":"product","link":"http:\/\/119.8.7.19\/masterprom\/producto\/cil-bam\/","title":{"rendered":"CIL-BAM"},"content":{"rendered":"<p>Cilindro de pl\u00e1stico satinado con textura ultra soft. Tapa de bamboo con cierre de rosca que evita cualquier derrame con agarradera de silic\u00f3n para su f\u00e1cil transportaci\u00f3n. Certificaci\u00f3n FDA. Capacidad: 500 ml. Lavar antes de usar.<\/p>\n","protected":false},"excerpt":{"rendered":"<p>Cilindro de pl\u00e1stico satinado con textura ultra soft. Tapa de bamboo con cierre de rosca que evita cualquier derrame con agarradera de silic\u00f3n para su f\u00e1cil transportaci\u00f3n. Certificaci\u00f3n FDA. Capacidad: 500 ml. Lavar antes de usar.<\/p>\n","protected":false},"featured_media":0,"comment_status":"closed","ping_status":"open","template":"","meta":[],"class_list":["post-16088","product","type-product","status-publish","hentry","product_cat-bebidas","product_cat-cilindros","product_tag-g4"],"_links":{"self":[{"href":"http:\/\/119.8.7.19\/masterprom\/wp-json\/wp\/v2\/product\/16088","targetHints":{"allow":["GET"]}}],"collection":[{"href":"http:\/\/119.8.7.19\/masterprom\/wp-json\/wp\/v2\/product"}],"about":[{"href":"http:\/\/119.8.7.19\/masterprom\/wp-json\/wp\/v2\/types\/product"}],"replies":[{"embeddable":true,"href":"http:\/\/119.8.7.19\/masterprom\/wp-json\/wp\/v2\/comments?post=16088"}],"wp:attachment":[{"href":"http:\/\/119.8.7.19\/masterprom\/wp-json\/wp\/v2\/media?parent=16088"}],"curies":[{"name":"wp","href":"https:\/\/api.w.org\/{rel}","templated":true}]}}