{"id":16084,"date":"2021-04-20T00:02:06","date_gmt":"2021-04-20T05:02:06","guid":{"rendered":"http:\/\/119.8.7.19\/masterprom\/producto\/cdp5155\/"},"modified":"2021-04-20T00:02:06","modified_gmt":"2021-04-20T05:02:06","slug":"cdp5155","status":"publish","type":"product","link":"http:\/\/119.8.7.19\/masterprom\/producto\/cdp5155\/","title":{"rendered":"CDP5155"},"content":{"rendered":"<p>Cilindro de pl\u00e1stico transparente, barra mezcladora en color, tapa de rosca de pl\u00e1stico, seguro para l\u00edquidos con bisagra. Se coloca fruta o bolsas de t\u00e9 para mezclar con agua. Con barra 800 ml. CAP. Total 870 ml.<\/p>\n","protected":false},"excerpt":{"rendered":"<p>Cilindro de pl\u00e1stico transparente, barra mezcladora en color, tapa de rosca de pl\u00e1stico, seguro para l\u00edquidos con bisagra. Se coloca fruta o bolsas de t\u00e9 para mezclar con agua. Con barra 800 ml. CAP. Total 870 ml.<\/p>\n","protected":false},"featured_media":0,"comment_status":"closed","ping_status":"open","template":"","meta":[],"class_list":["post-16084","product","type-product","status-publish","hentry","product_cat-bebidas","product_cat-cilindros","product_tag-winideas"],"_links":{"self":[{"href":"http:\/\/119.8.7.19\/masterprom\/wp-json\/wp\/v2\/product\/16084","targetHints":{"allow":["GET"]}}],"collection":[{"href":"http:\/\/119.8.7.19\/masterprom\/wp-json\/wp\/v2\/product"}],"about":[{"href":"http:\/\/119.8.7.19\/masterprom\/wp-json\/wp\/v2\/types\/product"}],"replies":[{"embeddable":true,"href":"http:\/\/119.8.7.19\/masterprom\/wp-json\/wp\/v2\/comments?post=16084"}],"wp:attachment":[{"href":"http:\/\/119.8.7.19\/masterprom\/wp-json\/wp\/v2\/media?parent=16084"}],"curies":[{"name":"wp","href":"https:\/\/api.w.org\/{rel}","templated":true}]}}