{"id":16068,"date":"2021-04-20T00:02:03","date_gmt":"2021-04-20T05:02:03","guid":{"rendered":"http:\/\/119.8.7.19\/masterprom\/producto\/t29\/"},"modified":"2021-04-21T23:50:47","modified_gmt":"2021-04-22T04:50:47","slug":"t29","status":"publish","type":"product","link":"http:\/\/119.8.7.19\/masterprom\/producto\/t29\/","title":{"rendered":"T29"},"content":{"rendered":"<p>Cilindro de pl\u00e1stico con chup\u00f3n de silic\u00f3n y tapa que sirve como vaso. Cap. 700 ml.<\/p>\n","protected":false},"excerpt":{"rendered":"<p>Cilindro de pl\u00e1stico con chup\u00f3n de silic\u00f3n y tapa que sirve como vaso. Cap. 700 ml.<\/p>\n","protected":false},"featured_media":18788,"comment_status":"closed","ping_status":"closed","template":"","meta":[],"class_list":["post-16068","product","type-product","status-publish","has-post-thumbnail","hentry","product_cat-bebidas","product_cat-cilindros","product_tag-4-promotional"],"_links":{"self":[{"href":"http:\/\/119.8.7.19\/masterprom\/wp-json\/wp\/v2\/product\/16068","targetHints":{"allow":["GET"]}}],"collection":[{"href":"http:\/\/119.8.7.19\/masterprom\/wp-json\/wp\/v2\/product"}],"about":[{"href":"http:\/\/119.8.7.19\/masterprom\/wp-json\/wp\/v2\/types\/product"}],"replies":[{"embeddable":true,"href":"http:\/\/119.8.7.19\/masterprom\/wp-json\/wp\/v2\/comments?post=16068"}],"wp:featuredmedia":[{"embeddable":true,"href":"http:\/\/119.8.7.19\/masterprom\/wp-json\/wp\/v2\/media\/18788"}],"wp:attachment":[{"href":"http:\/\/119.8.7.19\/masterprom\/wp-json\/wp\/v2\/media?parent=16068"}],"curies":[{"name":"wp","href":"https:\/\/api.w.org\/{rel}","templated":true}]}}