{"id":15799,"date":"2021-04-06T19:32:10","date_gmt":"2021-04-07T00:32:10","guid":{"rendered":"http:\/\/119.8.7.19\/masterprom\/producto\/06-630-2\/"},"modified":"2021-04-06T19:32:10","modified_gmt":"2021-04-07T00:32:10","slug":"06-630-2","status":"publish","type":"product","link":"http:\/\/119.8.7.19\/masterprom\/producto\/06-630-2\/","title":{"rendered":"06-630"},"content":{"rendered":"<p>Corcho &#8211; pintarr\u00f3n con im\u00e1n, plum\u00f3n, corcho y cuatro chinches de color<\/p>\n","protected":false},"excerpt":{"rendered":"<p>Corcho &#8211; pintarr\u00f3n con im\u00e1n, plum\u00f3n, corcho y cuatro chinches de color<\/p>\n","protected":false},"featured_media":0,"comment_status":"closed","ping_status":"open","template":"","meta":[],"class_list":["post-15799","product","type-product","status-publish","hentry","product_cat-articulos-de-oficina","product_cat-varios","product_tag-blestar"],"_links":{"self":[{"href":"http:\/\/119.8.7.19\/masterprom\/wp-json\/wp\/v2\/product\/15799","targetHints":{"allow":["GET"]}}],"collection":[{"href":"http:\/\/119.8.7.19\/masterprom\/wp-json\/wp\/v2\/product"}],"about":[{"href":"http:\/\/119.8.7.19\/masterprom\/wp-json\/wp\/v2\/types\/product"}],"replies":[{"embeddable":true,"href":"http:\/\/119.8.7.19\/masterprom\/wp-json\/wp\/v2\/comments?post=15799"}],"wp:attachment":[{"href":"http:\/\/119.8.7.19\/masterprom\/wp-json\/wp\/v2\/media?parent=15799"}],"curies":[{"name":"wp","href":"https:\/\/api.w.org\/{rel}","templated":true}]}}