{"id":15775,"date":"2021-04-06T19:32:05","date_gmt":"2021-04-07T00:32:05","guid":{"rendered":"http:\/\/119.8.7.19\/masterprom\/producto\/sel-sol\/"},"modified":"2021-04-06T19:32:07","modified_gmt":"2021-04-07T00:32:07","slug":"sel-sol","status":"publish","type":"product","link":"http:\/\/119.8.7.19\/masterprom\/producto\/sel-sol\/","title":{"rendered":"SEL SOL"},"content":{"rendered":"<p>Pr\u00e1ctico sello autoentintable, ideal para cancelaci\u00f3n de documentos en donde quieres proteger tu firma \u00f3 informaci\u00f3n confidencial. La tinta dura m\u00e1s de 1000 sellos. De manejo limpio debido a su mecanismo retr\u00e1ctil con almohadilla entintada incluida.<\/p>\n","protected":false},"excerpt":{"rendered":"<p>Pr\u00e1ctico sello autoentintable, ideal para cancelaci\u00f3n de documentos en donde quieres proteger tu firma \u00f3 informaci\u00f3n confidencial. La tinta dura m\u00e1s de 1000 sellos. De manejo limpio debido a su mecanismo retr\u00e1ctil con almohadilla entintada incluida.<\/p>\n","protected":false},"featured_media":0,"comment_status":"closed","ping_status":"open","template":"","meta":[],"class_list":["post-15775","product","type-product","status-publish","hentry","product_cat-articulos-de-oficina","product_cat-varios","product_tag-g4"],"_links":{"self":[{"href":"http:\/\/119.8.7.19\/masterprom\/wp-json\/wp\/v2\/product\/15775","targetHints":{"allow":["GET"]}}],"collection":[{"href":"http:\/\/119.8.7.19\/masterprom\/wp-json\/wp\/v2\/product"}],"about":[{"href":"http:\/\/119.8.7.19\/masterprom\/wp-json\/wp\/v2\/types\/product"}],"replies":[{"embeddable":true,"href":"http:\/\/119.8.7.19\/masterprom\/wp-json\/wp\/v2\/comments?post=15775"}],"wp:attachment":[{"href":"http:\/\/119.8.7.19\/masterprom\/wp-json\/wp\/v2\/media?parent=15775"}],"curies":[{"name":"wp","href":"https:\/\/api.w.org\/{rel}","templated":true}]}}