{"id":15774,"date":"2021-04-06T19:32:05","date_gmt":"2021-04-07T00:32:05","guid":{"rendered":"http:\/\/119.8.7.19\/masterprom\/producto\/cli-mag\/"},"modified":"2021-04-06T19:32:07","modified_gmt":"2021-04-07T00:32:07","slug":"cli-mag","status":"publish","type":"product","link":"http:\/\/119.8.7.19\/masterprom\/producto\/cli-mag\/","title":{"rendered":"CLI MAG"},"content":{"rendered":"<p>Peque\u00f1o clip de pl\u00e1stico. Cuenta con goma de pegamento que permite adherirlo a cualquier superficie. A diferencia de otros, por el sistema de membranas de goma encontradas que se ubican al<br \/>\ninterior, solo ser\u00e1 necesario introducir el papel sin necesidad de abrir el clip como lo har\u00edas con cualquiera que funcione con pinza. Para liberar el papel, tira de \u00e9l de manera horizontal hacia cualquiera de los lados. Pr\u00e1ctico y muy econ\u00f3mico.<\/p>\n","protected":false},"excerpt":{"rendered":"<p>Peque\u00f1o clip de pl\u00e1stico. Cuenta con goma de pegamento que permite adherirlo a cualquier superficie. A diferencia de otros, por el sistema de membranas de goma encontradas que se ubican al<br \/>\ninterior, solo ser\u00e1 necesario introducir el papel sin necesidad de abrir el clip como lo har\u00edas con cualquiera que funcione con pinza. Para liberar el papel, tira de \u00e9l de manera horizontal hacia cualquiera de los lados. Pr\u00e1ctico y muy econ\u00f3mico.<\/p>\n","protected":false},"featured_media":0,"comment_status":"closed","ping_status":"open","template":"","meta":[],"class_list":["post-15774","product","type-product","status-publish","hentry","product_cat-articulos-de-oficina","product_cat-varios","product_tag-g4"],"_links":{"self":[{"href":"http:\/\/119.8.7.19\/masterprom\/wp-json\/wp\/v2\/product\/15774","targetHints":{"allow":["GET"]}}],"collection":[{"href":"http:\/\/119.8.7.19\/masterprom\/wp-json\/wp\/v2\/product"}],"about":[{"href":"http:\/\/119.8.7.19\/masterprom\/wp-json\/wp\/v2\/types\/product"}],"replies":[{"embeddable":true,"href":"http:\/\/119.8.7.19\/masterprom\/wp-json\/wp\/v2\/comments?post=15774"}],"wp:attachment":[{"href":"http:\/\/119.8.7.19\/masterprom\/wp-json\/wp\/v2\/media?parent=15774"}],"curies":[{"name":"wp","href":"https:\/\/api.w.org\/{rel}","templated":true}]}}