{"id":15773,"date":"2021-04-06T19:32:05","date_gmt":"2021-04-07T00:32:05","guid":{"rendered":"http:\/\/119.8.7.19\/masterprom\/producto\/cli-ova\/"},"modified":"2021-04-06T19:32:07","modified_gmt":"2021-04-07T00:32:07","slug":"cli-ova","status":"publish","type":"product","link":"http:\/\/119.8.7.19\/masterprom\/producto\/cli-ova\/","title":{"rendered":"CLI-OVA"},"content":{"rendered":"<p>Clip tipo pinza de gran tama\u00f1o con forma ovalada. Hecho de pl\u00e1stico transl\u00facido en varios colores. Cuenta con un poderoso im\u00e1n en la parte trasera para que lo puedas colocar en cualquier superficie<br \/>\nmet\u00e1lica<\/p>\n","protected":false},"excerpt":{"rendered":"<p>Clip tipo pinza de gran tama\u00f1o con forma ovalada. Hecho de pl\u00e1stico transl\u00facido en varios colores. Cuenta con un poderoso im\u00e1n en la parte trasera para que lo puedas colocar en cualquier superficie<br \/>\nmet\u00e1lica<\/p>\n","protected":false},"featured_media":0,"comment_status":"closed","ping_status":"open","template":"","meta":[],"class_list":["post-15773","product","type-product","status-publish","hentry","product_cat-articulos-de-oficina","product_cat-varios","product_tag-g4"],"_links":{"self":[{"href":"http:\/\/119.8.7.19\/masterprom\/wp-json\/wp\/v2\/product\/15773","targetHints":{"allow":["GET"]}}],"collection":[{"href":"http:\/\/119.8.7.19\/masterprom\/wp-json\/wp\/v2\/product"}],"about":[{"href":"http:\/\/119.8.7.19\/masterprom\/wp-json\/wp\/v2\/types\/product"}],"replies":[{"embeddable":true,"href":"http:\/\/119.8.7.19\/masterprom\/wp-json\/wp\/v2\/comments?post=15773"}],"wp:attachment":[{"href":"http:\/\/119.8.7.19\/masterprom\/wp-json\/wp\/v2\/media?parent=15773"}],"curies":[{"name":"wp","href":"https:\/\/api.w.org\/{rel}","templated":true}]}}