{"id":15765,"date":"2021-04-06T19:32:05","date_gmt":"2021-04-07T00:32:05","guid":{"rendered":"http:\/\/119.8.7.19\/masterprom\/producto\/a2578\/"},"modified":"2021-04-06T19:32:06","modified_gmt":"2021-04-07T00:32:06","slug":"a2578","status":"publish","type":"product","link":"http:\/\/119.8.7.19\/masterprom\/producto\/a2578\/","title":{"rendered":"A2578"},"content":{"rendered":"<p>Carpeta de pl\u00e1stico a color con clip met\u00e1lico para sujetar documentos y porta bol\u00edgrafos interior.<\/p>\n","protected":false},"excerpt":{"rendered":"<p>Carpeta de pl\u00e1stico a color con clip met\u00e1lico para sujetar documentos y porta bol\u00edgrafos interior.<\/p>\n","protected":false},"featured_media":0,"comment_status":"closed","ping_status":"open","template":"","meta":[],"class_list":["post-15765","product","type-product","status-publish","hentry","product_cat-articulos-de-oficina","product_cat-varios","product_tag-winideas"],"_links":{"self":[{"href":"http:\/\/119.8.7.19\/masterprom\/wp-json\/wp\/v2\/product\/15765","targetHints":{"allow":["GET"]}}],"collection":[{"href":"http:\/\/119.8.7.19\/masterprom\/wp-json\/wp\/v2\/product"}],"about":[{"href":"http:\/\/119.8.7.19\/masterprom\/wp-json\/wp\/v2\/types\/product"}],"replies":[{"embeddable":true,"href":"http:\/\/119.8.7.19\/masterprom\/wp-json\/wp\/v2\/comments?post=15765"}],"wp:attachment":[{"href":"http:\/\/119.8.7.19\/masterprom\/wp-json\/wp\/v2\/media?parent=15765"}],"curies":[{"name":"wp","href":"https:\/\/api.w.org\/{rel}","templated":true}]}}