{"id":15734,"date":"2021-04-06T19:32:01","date_gmt":"2021-04-07T00:32:01","guid":{"rendered":"http:\/\/119.8.7.19\/masterprom\/producto\/t460\/"},"modified":"2021-04-06T19:32:02","modified_gmt":"2021-04-07T00:32:02","slug":"t460","status":"publish","type":"product","link":"http:\/\/119.8.7.19\/masterprom\/producto\/t460\/","title":{"rendered":"T460"},"content":{"rendered":"<p>Set de oficina &#8220;k-win&#8221; incluye: block de hojas blancas, regla pl\u00e1stica transparente, 5 se\u00f1aladores de colores, autoadhesivos, bol\u00edgrafo de cart\u00f3n con punta, clip y pulsador de pl\u00e1stico negro.<\/p>\n","protected":false},"excerpt":{"rendered":"<p>Set de oficina &#8220;k-win&#8221; incluye: block de hojas blancas, regla pl\u00e1stica transparente, 5 se\u00f1aladores de colores, autoadhesivos, bol\u00edgrafo de cart\u00f3n con punta, clip y pulsador de pl\u00e1stico negro.<\/p>\n","protected":false},"featured_media":0,"comment_status":"closed","ping_status":"open","template":"","meta":[],"class_list":["post-15734","product","type-product","status-publish","hentry","product_cat-articulos-de-oficina","product_cat-block-de-notas","product_tag-cdo"],"_links":{"self":[{"href":"http:\/\/119.8.7.19\/masterprom\/wp-json\/wp\/v2\/product\/15734","targetHints":{"allow":["GET"]}}],"collection":[{"href":"http:\/\/119.8.7.19\/masterprom\/wp-json\/wp\/v2\/product"}],"about":[{"href":"http:\/\/119.8.7.19\/masterprom\/wp-json\/wp\/v2\/types\/product"}],"replies":[{"embeddable":true,"href":"http:\/\/119.8.7.19\/masterprom\/wp-json\/wp\/v2\/comments?post=15734"}],"wp:attachment":[{"href":"http:\/\/119.8.7.19\/masterprom\/wp-json\/wp\/v2\/media?parent=15734"}],"curies":[{"name":"wp","href":"https:\/\/api.w.org\/{rel}","templated":true}]}}