{"id":15687,"date":"2021-04-06T19:31:55","date_gmt":"2021-04-07T00:31:55","guid":{"rendered":"http:\/\/119.8.7.19\/masterprom\/producto\/aud-025\/"},"modified":"2021-04-06T19:31:55","modified_gmt":"2021-04-07T00:31:55","slug":"aud-025","status":"publish","type":"product","link":"http:\/\/119.8.7.19\/masterprom\/producto\/aud-025\/","title":{"rendered":"AUD-025"},"content":{"rendered":"<p>Aud\u00edfonos Erfoud (aud\u00edfonos bluetooth con bater\u00eda recargable y control de volumen y reproducci\u00f3n de m\u00fasica. funci\u00f3n manos libres. reproducci\u00f3n de m\u00fasica hasta 4 hrs aproximadamente. incluye estuche de pl\u00e1stico que mantiene fijos los aud\u00edfonos para facilitar su impresi\u00f3n. cable cargador incluido. )<\/p>\n","protected":false},"excerpt":{"rendered":"<p>Aud\u00edfonos Erfoud (aud\u00edfonos bluetooth con bater\u00eda recargable y control de volumen y reproducci\u00f3n de m\u00fasica. funci\u00f3n manos libres. reproducci\u00f3n de m\u00fasica hasta 4 hrs aproximadamente. incluye estuche de pl\u00e1stico que mantiene fijos los aud\u00edfonos para facilitar su impresi\u00f3n. cable cargador incluido. )<\/p>\n","protected":false},"featured_media":0,"comment_status":"closed","ping_status":"open","template":"","meta":[],"class_list":["post-15687","product","type-product","status-publish","hentry","product_cat-articulos-de-oficina","product_cat-regalos-ejecutivos","product_tag-promoopcion"],"_links":{"self":[{"href":"http:\/\/119.8.7.19\/masterprom\/wp-json\/wp\/v2\/product\/15687","targetHints":{"allow":["GET"]}}],"collection":[{"href":"http:\/\/119.8.7.19\/masterprom\/wp-json\/wp\/v2\/product"}],"about":[{"href":"http:\/\/119.8.7.19\/masterprom\/wp-json\/wp\/v2\/types\/product"}],"replies":[{"embeddable":true,"href":"http:\/\/119.8.7.19\/masterprom\/wp-json\/wp\/v2\/comments?post=15687"}],"wp:attachment":[{"href":"http:\/\/119.8.7.19\/masterprom\/wp-json\/wp\/v2\/media?parent=15687"}],"curies":[{"name":"wp","href":"https:\/\/api.w.org\/{rel}","templated":true}]}}