{"id":15681,"date":"2021-04-06T19:31:55","date_gmt":"2021-04-07T00:31:55","guid":{"rendered":"http:\/\/119.8.7.19\/masterprom\/producto\/crg-037\/"},"modified":"2021-04-06T19:31:55","modified_gmt":"2021-04-07T00:31:55","slug":"crg-037","status":"publish","type":"product","link":"http:\/\/119.8.7.19\/masterprom\/producto\/crg-037\/","title":{"rendered":"CRG-037"},"content":{"rendered":"<p>Power bank Bydgoz (bater\u00eda auxiliar para smartphone con linterna LED y funci\u00f3n de carga inal\u00e1mbrica. Capacidad 8000 mAh. Cuenta con 2 salidas USB, entrada micro USB y tipo C. Display para mostrar el nivel de bater\u00eda. Incluye cable cargador compatible con USB y micro USB. )<\/p>\n","protected":false},"excerpt":{"rendered":"<p>Power bank Bydgoz (bater\u00eda auxiliar para smartphone con linterna LED y funci\u00f3n de carga inal\u00e1mbrica. Capacidad 8000 mAh. Cuenta con 2 salidas USB, entrada micro USB y tipo C. Display para mostrar el nivel de bater\u00eda. Incluye cable cargador compatible con USB y micro USB. )<\/p>\n","protected":false},"featured_media":0,"comment_status":"closed","ping_status":"open","template":"","meta":[],"class_list":["post-15681","product","type-product","status-publish","hentry","product_cat-articulos-de-oficina","product_cat-regalos-ejecutivos","product_tag-promoopcion"],"_links":{"self":[{"href":"http:\/\/119.8.7.19\/masterprom\/wp-json\/wp\/v2\/product\/15681","targetHints":{"allow":["GET"]}}],"collection":[{"href":"http:\/\/119.8.7.19\/masterprom\/wp-json\/wp\/v2\/product"}],"about":[{"href":"http:\/\/119.8.7.19\/masterprom\/wp-json\/wp\/v2\/types\/product"}],"replies":[{"embeddable":true,"href":"http:\/\/119.8.7.19\/masterprom\/wp-json\/wp\/v2\/comments?post=15681"}],"wp:attachment":[{"href":"http:\/\/119.8.7.19\/masterprom\/wp-json\/wp\/v2\/media?parent=15681"}],"curies":[{"name":"wp","href":"https:\/\/api.w.org\/{rel}","templated":true}]}}