{"id":15675,"date":"2021-04-06T19:32:12","date_gmt":"2021-04-07T00:32:12","guid":{"rendered":"http:\/\/119.8.7.19\/masterprom\/producto\/62200\/"},"modified":"2021-04-06T19:32:13","modified_gmt":"2021-04-07T00:32:13","slug":"62200","status":"publish","type":"product","link":"http:\/\/119.8.7.19\/masterprom\/producto\/62200\/","title":{"rendered":"62200"},"content":{"rendered":"<p>Set Goyan (incluye libreta con 80 hojas de raya, broche magn\u00e9tico y separador de hojas, bol\u00edgrafo tinta negra, tarjetero (posici\u00f3n vertical) y caja de regalo.)<\/p>\n","protected":false},"excerpt":{"rendered":"<p>Set Goyan (incluye libreta con 80 hojas de raya, broche magn\u00e9tico y separador de hojas, bol\u00edgrafo tinta negra, tarjetero (posici\u00f3n vertical) y caja de regalo.)<\/p>\n","protected":false},"featured_media":0,"comment_status":"closed","ping_status":"open","template":"","meta":[],"class_list":["post-15675","product","type-product","status-publish","hentry","product_cat-articulos-de-oficina","product_cat-regalos-ejecutivos","product_cat-varios","product_tag-promoopcion"],"_links":{"self":[{"href":"http:\/\/119.8.7.19\/masterprom\/wp-json\/wp\/v2\/product\/15675","targetHints":{"allow":["GET"]}}],"collection":[{"href":"http:\/\/119.8.7.19\/masterprom\/wp-json\/wp\/v2\/product"}],"about":[{"href":"http:\/\/119.8.7.19\/masterprom\/wp-json\/wp\/v2\/types\/product"}],"replies":[{"embeddable":true,"href":"http:\/\/119.8.7.19\/masterprom\/wp-json\/wp\/v2\/comments?post=15675"}],"wp:attachment":[{"href":"http:\/\/119.8.7.19\/masterprom\/wp-json\/wp\/v2\/media?parent=15675"}],"curies":[{"name":"wp","href":"https:\/\/api.w.org\/{rel}","templated":true}]}}