{"id":15674,"date":"2021-04-06T19:32:12","date_gmt":"2021-04-07T00:32:12","guid":{"rendered":"http:\/\/119.8.7.19\/masterprom\/producto\/61700\/"},"modified":"2021-04-06T19:32:13","modified_gmt":"2021-04-07T00:32:13","slug":"61700","status":"publish","type":"product","link":"http:\/\/119.8.7.19\/masterprom\/producto\/61700\/","title":{"rendered":"61700"},"content":{"rendered":"<p>Set Saratov (incluye termo de doble pared con v\u00e1lvula de seguridad de cap. 525 ml, tarjetero con acabado cromado (posici\u00f3n vertical), bol\u00edgrafo de aluminio y caja de regalo.)<\/p>\n","protected":false},"excerpt":{"rendered":"<p>Set Saratov (incluye termo de doble pared con v\u00e1lvula de seguridad de cap. 525 ml, tarjetero con acabado cromado (posici\u00f3n vertical), bol\u00edgrafo de aluminio y caja de regalo.)<\/p>\n","protected":false},"featured_media":0,"comment_status":"closed","ping_status":"open","template":"","meta":[],"class_list":["post-15674","product","type-product","status-publish","hentry","product_cat-articulos-de-oficina","product_cat-regalos-ejecutivos","product_cat-varios","product_tag-promoopcion"],"_links":{"self":[{"href":"http:\/\/119.8.7.19\/masterprom\/wp-json\/wp\/v2\/product\/15674","targetHints":{"allow":["GET"]}}],"collection":[{"href":"http:\/\/119.8.7.19\/masterprom\/wp-json\/wp\/v2\/product"}],"about":[{"href":"http:\/\/119.8.7.19\/masterprom\/wp-json\/wp\/v2\/types\/product"}],"replies":[{"embeddable":true,"href":"http:\/\/119.8.7.19\/masterprom\/wp-json\/wp\/v2\/comments?post=15674"}],"wp:attachment":[{"href":"http:\/\/119.8.7.19\/masterprom\/wp-json\/wp\/v2\/media?parent=15674"}],"curies":[{"name":"wp","href":"https:\/\/api.w.org\/{rel}","templated":true}]}}