{"id":15658,"date":"2021-04-06T19:31:50","date_gmt":"2021-04-07T00:31:50","guid":{"rendered":"http:\/\/119.8.7.19\/masterprom\/producto\/tmps-120\/"},"modified":"2021-04-06T19:31:52","modified_gmt":"2021-04-07T00:31:52","slug":"tmps-120","status":"publish","type":"product","link":"http:\/\/119.8.7.19\/masterprom\/producto\/tmps-120\/","title":{"rendered":"TMPS-120"},"content":{"rendered":"<p>Termo Nantes (doble pared. cerrado al vac\u00edo. incluye agarradera. con aud\u00edfonos bluetooth con bater\u00eda recargable en base, reproducci\u00f3n de m\u00fasica por 1.5 hrs aproximadamente. incluye cargador usb y estuche para recargar los aud\u00edfonos. funci\u00f3n manos libres. ), Cap. \t500 ml<\/p>\n","protected":false},"excerpt":{"rendered":"<p>Termo Nantes (doble pared. cerrado al vac\u00edo. incluye agarradera. con aud\u00edfonos bluetooth con bater\u00eda recargable en base, reproducci\u00f3n de m\u00fasica por 1.5 hrs aproximadamente. incluye cargador usb y estuche para recargar los aud\u00edfonos. funci\u00f3n manos libres. ), Cap. \t500 ml<\/p>\n","protected":false},"featured_media":0,"comment_status":"closed","ping_status":"open","template":"","meta":[],"class_list":["post-15658","product","type-product","status-publish","hentry","product_cat-articulos-de-oficina","product_cat-regalos-ejecutivos","product_tag-promoopcion"],"_links":{"self":[{"href":"http:\/\/119.8.7.19\/masterprom\/wp-json\/wp\/v2\/product\/15658","targetHints":{"allow":["GET"]}}],"collection":[{"href":"http:\/\/119.8.7.19\/masterprom\/wp-json\/wp\/v2\/product"}],"about":[{"href":"http:\/\/119.8.7.19\/masterprom\/wp-json\/wp\/v2\/types\/product"}],"replies":[{"embeddable":true,"href":"http:\/\/119.8.7.19\/masterprom\/wp-json\/wp\/v2\/comments?post=15658"}],"wp:attachment":[{"href":"http:\/\/119.8.7.19\/masterprom\/wp-json\/wp\/v2\/media?parent=15658"}],"curies":[{"name":"wp","href":"https:\/\/api.w.org\/{rel}","templated":true}]}}