{"id":15647,"date":"2021-04-06T19:31:50","date_gmt":"2021-04-07T00:31:50","guid":{"rendered":"http:\/\/119.8.7.19\/masterprom\/producto\/241854\/"},"modified":"2021-04-06T19:31:51","modified_gmt":"2021-04-07T00:31:51","slug":"241854","status":"publish","type":"product","link":"http:\/\/119.8.7.19\/masterprom\/producto\/241854\/","title":{"rendered":"241854"},"content":{"rendered":"<p>FieldForce Chrono \u00f842, blue dial, brown leather strap, \u0095Movimiento: cuarzo anal\u00f3gico \u0095Forma de la caja: redondeada  \u0095Di\u00e1metro: 42 mm \u0095Color de la esfera: azul  \u0095Material del brazalete: cuero<br \/>\n\u0095Color del brazalete: caf\u00e9 \u0095Distancia entre asas: 21 mm \u0095Caracter\u00edsticas del reloj: cron\u00f3grafo, fecha, cristal de zafiro antirreflectante con triple recubrimiento, a prueba de rayaduras, taqu\u00edmetro, tapa de caja atornillada \u0095Resistente al agua: 10 ATM\/100 M\/330 FT<\/p>\n","protected":false},"excerpt":{"rendered":"<p>FieldForce Chrono \u00f842, blue dial, brown leather strap, \u0095Movimiento: cuarzo anal\u00f3gico \u0095Forma de la caja: redondeada  \u0095Di\u00e1metro: 42 mm \u0095Color de la esfera: azul  \u0095Material del brazalete: cuero<br \/>\n\u0095Color del brazalete: caf\u00e9 \u0095Distancia entre asas: 21 mm \u0095Caracter\u00edsticas del reloj: cron\u00f3grafo, fecha, cristal de zafiro antirreflectante con triple recubrimiento, a prueba de rayaduras, taqu\u00edmetro, tapa de caja atornillada \u0095Resistente al agua: 10 ATM\/100 M\/330 FT<\/p>\n","protected":false},"featured_media":0,"comment_status":"closed","ping_status":"open","template":"","meta":[],"class_list":["post-15647","product","type-product","status-publish","hentry","product_cat-articulos-de-oficina","product_cat-regalos-ejecutivos","product_tag-victorinox"],"_links":{"self":[{"href":"http:\/\/119.8.7.19\/masterprom\/wp-json\/wp\/v2\/product\/15647","targetHints":{"allow":["GET"]}}],"collection":[{"href":"http:\/\/119.8.7.19\/masterprom\/wp-json\/wp\/v2\/product"}],"about":[{"href":"http:\/\/119.8.7.19\/masterprom\/wp-json\/wp\/v2\/types\/product"}],"replies":[{"embeddable":true,"href":"http:\/\/119.8.7.19\/masterprom\/wp-json\/wp\/v2\/comments?post=15647"}],"wp:attachment":[{"href":"http:\/\/119.8.7.19\/masterprom\/wp-json\/wp\/v2\/media?parent=15647"}],"curies":[{"name":"wp","href":"https:\/\/api.w.org\/{rel}","templated":true}]}}