{"id":15640,"date":"2021-04-06T19:31:47","date_gmt":"2021-04-07T00:31:47","guid":{"rendered":"http:\/\/119.8.7.19\/masterprom\/producto\/31105101\/"},"modified":"2021-04-06T19:31:50","modified_gmt":"2021-04-07T00:31:50","slug":"31105101","status":"publish","type":"product","link":"http:\/\/119.8.7.19\/masterprom\/producto\/31105101\/","title":{"rendered":"31105101"},"content":{"rendered":"<p>Vxsport-scout moch.nga p\/laptop 16&#8243; y bols.p\/tableta, \u0095 Esta espaciosa mochila, dise\u00f1ada para ofrecer la m\u00e1xima utilidad, posee numerosos bolsillos que le permiten tener todo organizado cuando est\u00e1 en camino \u0095 La organizaci\u00f3n interior incluye un bolsillo perif\u00e9rico de malla con cremallera \u0095 Panel de organizaci\u00f3n frontal con bolsillo con cremallera todo alrededor, bolsillo para dispositivos electr\u00f3nicos, bolsillo perif\u00e9rico, bolsillo de malla para documentos de identidad, lapicero y llavero.<\/p>\n","protected":false},"excerpt":{"rendered":"<p>Vxsport-scout moch.nga p\/laptop 16&#8243; y bols.p\/tableta, \u0095 Esta espaciosa mochila, dise\u00f1ada para ofrecer la m\u00e1xima utilidad, posee numerosos bolsillos que le permiten tener todo organizado cuando est\u00e1 en camino \u0095 La organizaci\u00f3n interior incluye un bolsillo perif\u00e9rico de malla con cremallera \u0095 Panel de organizaci\u00f3n frontal con bolsillo con cremallera todo alrededor, bolsillo para dispositivos electr\u00f3nicos, bolsillo perif\u00e9rico, bolsillo de malla para documentos de identidad, lapicero y llavero.<\/p>\n","protected":false},"featured_media":0,"comment_status":"closed","ping_status":"open","template":"","meta":[],"class_list":["post-15640","product","type-product","status-publish","hentry","product_cat-articulos-de-oficina","product_cat-regalos-ejecutivos","product_tag-victorinox"],"_links":{"self":[{"href":"http:\/\/119.8.7.19\/masterprom\/wp-json\/wp\/v2\/product\/15640","targetHints":{"allow":["GET"]}}],"collection":[{"href":"http:\/\/119.8.7.19\/masterprom\/wp-json\/wp\/v2\/product"}],"about":[{"href":"http:\/\/119.8.7.19\/masterprom\/wp-json\/wp\/v2\/types\/product"}],"replies":[{"embeddable":true,"href":"http:\/\/119.8.7.19\/masterprom\/wp-json\/wp\/v2\/comments?post=15640"}],"wp:attachment":[{"href":"http:\/\/119.8.7.19\/masterprom\/wp-json\/wp\/v2\/media?parent=15640"}],"curies":[{"name":"wp","href":"https:\/\/api.w.org\/{rel}","templated":true}]}}