{"id":15635,"date":"2021-04-06T19:31:47","date_gmt":"2021-04-07T00:31:47","guid":{"rendered":"http:\/\/119.8.7.19\/masterprom\/producto\/31172801\/"},"modified":"2021-04-06T19:31:49","modified_gmt":"2021-04-07T00:31:49","slug":"31172801","status":"publish","type":"product","link":"http:\/\/119.8.7.19\/masterprom\/producto\/31172801\/","title":{"rendered":"31172801"},"content":{"rendered":"<p>4.0 Organizador de documentos negro c\/protecci\u00f3n rfid, nyl. \u0095 Organice sus documentos y conserve segura su informaci\u00f3n personal con la protecci\u00f3n RFID \u0095 Interior con un bolsillo de gran tama\u00f1o, un bolsillo con cremallera todo alrededor para pasaporte, billetes y dinero, ranuras para<br \/>\ntarjetas de cr\u00e9dito, monedero de micromalla de sat\u00e9n y ranura de micromalla de sat\u00e9n para el documento de identidad \u0095 Bolsillo trasero para guardar objetos a los que se debe acceder<br \/>\nr\u00e1pidamente<\/p>\n","protected":false},"excerpt":{"rendered":"<p>4.0 Organizador de documentos negro c\/protecci\u00f3n rfid, nyl. \u0095 Organice sus documentos y conserve segura su informaci\u00f3n personal con la protecci\u00f3n RFID \u0095 Interior con un bolsillo de gran tama\u00f1o, un bolsillo con cremallera todo alrededor para pasaporte, billetes y dinero, ranuras para<br \/>\ntarjetas de cr\u00e9dito, monedero de micromalla de sat\u00e9n y ranura de micromalla de sat\u00e9n para el documento de identidad \u0095 Bolsillo trasero para guardar objetos a los que se debe acceder<br \/>\nr\u00e1pidamente<\/p>\n","protected":false},"featured_media":0,"comment_status":"closed","ping_status":"open","template":"","meta":[],"class_list":["post-15635","product","type-product","status-publish","hentry","product_cat-articulos-de-oficina","product_cat-regalos-ejecutivos","product_tag-victorinox"],"_links":{"self":[{"href":"http:\/\/119.8.7.19\/masterprom\/wp-json\/wp\/v2\/product\/15635","targetHints":{"allow":["GET"]}}],"collection":[{"href":"http:\/\/119.8.7.19\/masterprom\/wp-json\/wp\/v2\/product"}],"about":[{"href":"http:\/\/119.8.7.19\/masterprom\/wp-json\/wp\/v2\/types\/product"}],"replies":[{"embeddable":true,"href":"http:\/\/119.8.7.19\/masterprom\/wp-json\/wp\/v2\/comments?post=15635"}],"wp:attachment":[{"href":"http:\/\/119.8.7.19\/masterprom\/wp-json\/wp\/v2\/media?parent=15635"}],"curies":[{"name":"wp","href":"https:\/\/api.w.org\/{rel}","templated":true}]}}