{"id":15627,"date":"2021-04-06T19:31:47","date_gmt":"2021-04-07T00:31:47","guid":{"rendered":"http:\/\/119.8.7.19\/masterprom\/producto\/pl00533\/"},"modified":"2021-04-06T19:31:48","modified_gmt":"2021-04-07T00:31:48","slug":"pl00533","status":"publish","type":"product","link":"http:\/\/119.8.7.19\/masterprom\/producto\/pl00533\/","title":{"rendered":"PL00533"},"content":{"rendered":"<p>Estuche piel ovalo mediano brocado, estuche fabricado en piel 100% natural, su interior es suave en tela suede, costuras al tono de la piel. Moda y tradici\u00f3n son el resultado de la aplicaci\u00f3n del brocado, hecho en telar de cintura por artesanas del estado de Chiapas. Incluye pr\u00e1ctico cierre, ideal para llevar a todos lados tu joyer\u00eda.<\/p>\n","protected":false},"excerpt":{"rendered":"<p>Estuche piel ovalo mediano brocado, estuche fabricado en piel 100% natural, su interior es suave en tela suede, costuras al tono de la piel. Moda y tradici\u00f3n son el resultado de la aplicaci\u00f3n del brocado, hecho en telar de cintura por artesanas del estado de Chiapas. Incluye pr\u00e1ctico cierre, ideal para llevar a todos lados tu joyer\u00eda.<\/p>\n","protected":false},"featured_media":0,"comment_status":"closed","ping_status":"open","template":"","meta":[],"class_list":["post-15627","product","type-product","status-publish","hentry","product_cat-articulos-de-oficina","product_cat-regalos-ejecutivos","product_tag-promoline"],"_links":{"self":[{"href":"http:\/\/119.8.7.19\/masterprom\/wp-json\/wp\/v2\/product\/15627","targetHints":{"allow":["GET"]}}],"collection":[{"href":"http:\/\/119.8.7.19\/masterprom\/wp-json\/wp\/v2\/product"}],"about":[{"href":"http:\/\/119.8.7.19\/masterprom\/wp-json\/wp\/v2\/types\/product"}],"replies":[{"embeddable":true,"href":"http:\/\/119.8.7.19\/masterprom\/wp-json\/wp\/v2\/comments?post=15627"}],"wp:attachment":[{"href":"http:\/\/119.8.7.19\/masterprom\/wp-json\/wp\/v2\/media?parent=15627"}],"curies":[{"name":"wp","href":"https:\/\/api.w.org\/{rel}","templated":true}]}}