{"id":15599,"date":"2021-04-06T19:31:43","date_gmt":"2021-04-07T00:31:43","guid":{"rendered":"http:\/\/119.8.7.19\/masterprom\/producto\/041bel149\/"},"modified":"2021-04-06T19:31:44","modified_gmt":"2021-04-07T00:31:44","slug":"041bel149","status":"publish","type":"product","link":"http:\/\/119.8.7.19\/masterprom\/producto\/041bel149\/","title":{"rendered":"041BEL149"},"content":{"rendered":"<p>Lujoso joyero de PU cubierto de cuero blanco. Con una elegante forma cuadrada. cuenta con el moderno dise\u00f1o de facetas de Swarovski con seis cristales en el exterior, que se abre para revelar un \u00fatil espejo y dos bandejas compartimentadas revestidas de terciopelo blanco. La bandeja superior cuenta con un compartimento grande, ideal para brazaletes y collares, adem\u00e1s de cinco peque\u00f1os. Deslice hacia afuera la bandeja inferior para encontrar nueve compartimentos uniformemente peque\u00f1os, ideales para separar anillos y aretes. El logotipo Swarovski Swan lo marca como un elemento de prestigio que hace un regalo maravillosamente elegante y pr\u00e1ctico.<\/p>\n","protected":false},"excerpt":{"rendered":"<p>Lujoso joyero de PU cubierto de cuero blanco. Con una elegante forma cuadrada. cuenta con el moderno dise\u00f1o de facetas de Swarovski con seis cristales en el exterior, que se abre para revelar un \u00fatil espejo y dos bandejas compartimentadas revestidas de terciopelo blanco. La bandeja superior cuenta con un compartimento grande, ideal para brazaletes y collares, adem\u00e1s de cinco peque\u00f1os. Deslice hacia afuera la bandeja inferior para encontrar nueve compartimentos uniformemente peque\u00f1os, ideales para separar anillos y aretes. El logotipo Swarovski Swan lo marca como un elemento de prestigio que hace un regalo maravillosamente elegante y pr\u00e1ctico.<\/p>\n","protected":false},"featured_media":0,"comment_status":"closed","ping_status":"open","template":"","meta":[],"class_list":["post-15599","product","type-product","status-publish","hentry","product_cat-articulos-de-oficina","product_cat-regalos-ejecutivos","product_tag-sunline","pa_detalles-135-x-135-x-65-cm","pa_detalles-5-5-16-x-5-5-16"],"_links":{"self":[{"href":"http:\/\/119.8.7.19\/masterprom\/wp-json\/wp\/v2\/product\/15599","targetHints":{"allow":["GET"]}}],"collection":[{"href":"http:\/\/119.8.7.19\/masterprom\/wp-json\/wp\/v2\/product"}],"about":[{"href":"http:\/\/119.8.7.19\/masterprom\/wp-json\/wp\/v2\/types\/product"}],"replies":[{"embeddable":true,"href":"http:\/\/119.8.7.19\/masterprom\/wp-json\/wp\/v2\/comments?post=15599"}],"wp:attachment":[{"href":"http:\/\/119.8.7.19\/masterprom\/wp-json\/wp\/v2\/media?parent=15599"}],"curies":[{"name":"wp","href":"https:\/\/api.w.org\/{rel}","templated":true}]}}