{"id":15594,"date":"2021-04-06T19:31:43","date_gmt":"2021-04-07T00:31:43","guid":{"rendered":"http:\/\/119.8.7.19\/masterprom\/producto\/71-681\/"},"modified":"2021-04-06T19:31:44","modified_gmt":"2021-04-07T00:31:44","slug":"71-681","status":"publish","type":"product","link":"http:\/\/119.8.7.19\/masterprom\/producto\/71-681\/","title":{"rendered":"71-681"},"content":{"rendered":"<p>Buzz l\u00ednea de viaje &#8220;Buzz&#8221; ha sido dise\u00f1ada pensando en el profesional viajero activo. Minimalista y altamente funcional, esta mochila es el perfecto compa\u00f1ero de viaje pr\u00e1ctico y elegante -Cerruti 1881-<\/p>\n","protected":false},"excerpt":{"rendered":"<p>Buzz l\u00ednea de viaje &#8220;Buzz&#8221; ha sido dise\u00f1ada pensando en el profesional viajero activo. Minimalista y altamente funcional, esta mochila es el perfecto compa\u00f1ero de viaje pr\u00e1ctico y elegante -Cerruti 1881-<\/p>\n","protected":false},"featured_media":0,"comment_status":"closed","ping_status":"open","template":"","meta":[],"class_list":["post-15594","product","type-product","status-publish","hentry","product_cat-articulos-de-oficina","product_cat-regalos-ejecutivos","product_tag-blestar"],"_links":{"self":[{"href":"http:\/\/119.8.7.19\/masterprom\/wp-json\/wp\/v2\/product\/15594","targetHints":{"allow":["GET"]}}],"collection":[{"href":"http:\/\/119.8.7.19\/masterprom\/wp-json\/wp\/v2\/product"}],"about":[{"href":"http:\/\/119.8.7.19\/masterprom\/wp-json\/wp\/v2\/types\/product"}],"replies":[{"embeddable":true,"href":"http:\/\/119.8.7.19\/masterprom\/wp-json\/wp\/v2\/comments?post=15594"}],"wp:attachment":[{"href":"http:\/\/119.8.7.19\/masterprom\/wp-json\/wp\/v2\/media?parent=15594"}],"curies":[{"name":"wp","href":"https:\/\/api.w.org\/{rel}","templated":true}]}}