{"id":15592,"date":"2021-04-06T19:31:43","date_gmt":"2021-04-07T00:31:43","guid":{"rendered":"http:\/\/119.8.7.19\/masterprom\/producto\/71-190\/"},"modified":"2021-04-06T19:31:43","modified_gmt":"2021-04-07T00:31:43","slug":"71-190","status":"publish","type":"product","link":"http:\/\/119.8.7.19\/masterprom\/producto\/71-190\/","title":{"rendered":"71-190"},"content":{"rendered":"<p>Ace light grey dise\u00f1ada sobre un bastidor ligero y sencillo, la l\u00ednea &#8220;ace&#8221; es lo \u00faltimo en cl\u00e1sicos. hecho muy performante por su estructura equilibrada, es a la vez muy funcional y elegante. el lujoso acabado en laca gris claro brillante y fresco le da un toque de moda a este bol\u00edgrafo &#8211; Hugo Boss &#8211;<\/p>\n","protected":false},"excerpt":{"rendered":"<p>Ace light grey dise\u00f1ada sobre un bastidor ligero y sencillo, la l\u00ednea &#8220;ace&#8221; es lo \u00faltimo en cl\u00e1sicos. hecho muy performante por su estructura equilibrada, es a la vez muy funcional y elegante. el lujoso acabado en laca gris claro brillante y fresco le da un toque de moda a este bol\u00edgrafo &#8211; Hugo Boss &#8211;<\/p>\n","protected":false},"featured_media":0,"comment_status":"closed","ping_status":"open","template":"","meta":[],"class_list":["post-15592","product","type-product","status-publish","hentry","product_cat-articulos-de-oficina","product_cat-regalos-ejecutivos","product_tag-blestar"],"_links":{"self":[{"href":"http:\/\/119.8.7.19\/masterprom\/wp-json\/wp\/v2\/product\/15592","targetHints":{"allow":["GET"]}}],"collection":[{"href":"http:\/\/119.8.7.19\/masterprom\/wp-json\/wp\/v2\/product"}],"about":[{"href":"http:\/\/119.8.7.19\/masterprom\/wp-json\/wp\/v2\/types\/product"}],"replies":[{"embeddable":true,"href":"http:\/\/119.8.7.19\/masterprom\/wp-json\/wp\/v2\/comments?post=15592"}],"wp:attachment":[{"href":"http:\/\/119.8.7.19\/masterprom\/wp-json\/wp\/v2\/media?parent=15592"}],"curies":[{"name":"wp","href":"https:\/\/api.w.org\/{rel}","templated":true}]}}