{"id":15591,"date":"2021-04-06T19:31:43","date_gmt":"2021-04-07T00:31:43","guid":{"rendered":"http:\/\/119.8.7.19\/masterprom\/producto\/71-138\/"},"modified":"2021-04-06T19:31:43","modified_gmt":"2021-04-07T00:31:43","slug":"71-138","status":"publish","type":"product","link":"http:\/\/119.8.7.19\/masterprom\/producto\/71-138\/","title":{"rendered":"71-138"},"content":{"rendered":"<p>Madeleine white la bufanda &#8220;madeleine&#8221; est\u00e1 hecha de la seda m\u00e1s fina. su vibrante estampado de flores est\u00e1 inspirado en un jard\u00edn ex\u00f3tico &#8211; cacharel &#8211; cfm937f<\/p>\n","protected":false},"excerpt":{"rendered":"<p>Madeleine white la bufanda &#8220;madeleine&#8221; est\u00e1 hecha de la seda m\u00e1s fina. su vibrante estampado de flores est\u00e1 inspirado en un jard\u00edn ex\u00f3tico &#8211; cacharel &#8211; cfm937f<\/p>\n","protected":false},"featured_media":0,"comment_status":"closed","ping_status":"open","template":"","meta":[],"class_list":["post-15591","product","type-product","status-publish","hentry","product_cat-articulos-de-oficina","product_cat-regalos-ejecutivos","product_tag-blestar"],"_links":{"self":[{"href":"http:\/\/119.8.7.19\/masterprom\/wp-json\/wp\/v2\/product\/15591","targetHints":{"allow":["GET"]}}],"collection":[{"href":"http:\/\/119.8.7.19\/masterprom\/wp-json\/wp\/v2\/product"}],"about":[{"href":"http:\/\/119.8.7.19\/masterprom\/wp-json\/wp\/v2\/types\/product"}],"replies":[{"embeddable":true,"href":"http:\/\/119.8.7.19\/masterprom\/wp-json\/wp\/v2\/comments?post=15591"}],"wp:attachment":[{"href":"http:\/\/119.8.7.19\/masterprom\/wp-json\/wp\/v2\/media?parent=15591"}],"curies":[{"name":"wp","href":"https:\/\/api.w.org\/{rel}","templated":true}]}}