{"id":15586,"date":"2021-04-06T19:31:41","date_gmt":"2021-04-07T00:31:41","guid":{"rendered":"http:\/\/119.8.7.19\/masterprom\/producto\/70-632\/"},"modified":"2021-04-06T19:31:42","modified_gmt":"2021-04-07T00:31:42","slug":"70-632","status":"publish","type":"product","link":"http:\/\/119.8.7.19\/masterprom\/producto\/70-632\/","title":{"rendered":"70-632"},"content":{"rendered":"<p>Victorie Taupe El bolso &#8220;Victoire&#8221; crossbody es femenino y pr\u00e1ctico, hecho a mano en un hermoso material mate de grano suave y realzado por lujosos accesorios met\u00e1licos. La versi\u00f3n topo tiene acentos dorados &#8211; Cacharel &#8211;<\/p>\n","protected":false},"excerpt":{"rendered":"<p>Victorie Taupe El bolso &#8220;Victoire&#8221; crossbody es femenino y pr\u00e1ctico, hecho a mano en un hermoso material mate de grano suave y realzado por lujosos accesorios met\u00e1licos. La versi\u00f3n topo tiene acentos dorados &#8211; Cacharel &#8211;<\/p>\n","protected":false},"featured_media":0,"comment_status":"closed","ping_status":"open","template":"","meta":[],"class_list":["post-15586","product","type-product","status-publish","hentry","product_cat-articulos-de-oficina","product_cat-regalos-ejecutivos","product_tag-blestar"],"_links":{"self":[{"href":"http:\/\/119.8.7.19\/masterprom\/wp-json\/wp\/v2\/product\/15586","targetHints":{"allow":["GET"]}}],"collection":[{"href":"http:\/\/119.8.7.19\/masterprom\/wp-json\/wp\/v2\/product"}],"about":[{"href":"http:\/\/119.8.7.19\/masterprom\/wp-json\/wp\/v2\/types\/product"}],"replies":[{"embeddable":true,"href":"http:\/\/119.8.7.19\/masterprom\/wp-json\/wp\/v2\/comments?post=15586"}],"wp:attachment":[{"href":"http:\/\/119.8.7.19\/masterprom\/wp-json\/wp\/v2\/media?parent=15586"}],"curies":[{"name":"wp","href":"https:\/\/api.w.org\/{rel}","templated":true}]}}