{"id":15571,"date":"2021-04-06T19:31:41","date_gmt":"2021-04-07T00:31:41","guid":{"rendered":"http:\/\/119.8.7.19\/masterprom\/producto\/70-855\/"},"modified":"2021-04-06T19:31:41","modified_gmt":"2021-04-07T00:31:41","slug":"70-855","status":"publish","type":"product","link":"http:\/\/119.8.7.19\/masterprom\/producto\/70-855\/","title":{"rendered":"70-855"},"content":{"rendered":"<p>Sophisticated chrome diamond dise\u00f1ada alrededor de un marco m\u00e1s ligero, la sofisticada l\u00ednea tiene un atractivo sin esfuerzo. la forma es delicada, elegante y los nuevos acabados de corte de diamante; en negro, cromo y oro claro son elegantes y atemporales. Hugo Boss. Dia. 10 \/ h. 136 mm<\/p>\n","protected":false},"excerpt":{"rendered":"<p>Sophisticated chrome diamond dise\u00f1ada alrededor de un marco m\u00e1s ligero, la sofisticada l\u00ednea tiene un atractivo sin esfuerzo. la forma es delicada, elegante y los nuevos acabados de corte de diamante; en negro, cromo y oro claro son elegantes y atemporales. Hugo Boss. Dia. 10 \/ h. 136 mm<\/p>\n","protected":false},"featured_media":0,"comment_status":"closed","ping_status":"open","template":"","meta":[],"class_list":["post-15571","product","type-product","status-publish","hentry","product_cat-articulos-de-oficina","product_cat-regalos-ejecutivos","product_tag-blestar"],"_links":{"self":[{"href":"http:\/\/119.8.7.19\/masterprom\/wp-json\/wp\/v2\/product\/15571","targetHints":{"allow":["GET"]}}],"collection":[{"href":"http:\/\/119.8.7.19\/masterprom\/wp-json\/wp\/v2\/product"}],"about":[{"href":"http:\/\/119.8.7.19\/masterprom\/wp-json\/wp\/v2\/types\/product"}],"replies":[{"embeddable":true,"href":"http:\/\/119.8.7.19\/masterprom\/wp-json\/wp\/v2\/comments?post=15571"}],"wp:attachment":[{"href":"http:\/\/119.8.7.19\/masterprom\/wp-json\/wp\/v2\/media?parent=15571"}],"curies":[{"name":"wp","href":"https:\/\/api.w.org\/{rel}","templated":true}]}}