{"id":15570,"date":"2021-04-06T19:31:41","date_gmt":"2021-04-07T00:31:41","guid":{"rendered":"http:\/\/119.8.7.19\/masterprom\/producto\/70-847\/"},"modified":"2021-04-06T19:31:41","modified_gmt":"2021-04-07T00:31:41","slug":"70-847","status":"publish","type":"product","link":"http:\/\/119.8.7.19\/masterprom\/producto\/70-847\/","title":{"rendered":"70-847"},"content":{"rendered":"<p>Essential lady off-white la l\u00ednea &#8220;essential&#8221;, con su atractivo cl\u00e1sico, tiene un lado m\u00e1s glamoroso, con nuevas versiones disponibles en una variedad de vibrantes matices femeninos: crema, desnudo, borgo\u00f1a, gris y azul marino. los acentos de oro claro confieren a esta colecci\u00f3n una elegancia refinada y atemporal, resaltando las superficies de laca mate cuidadosamente trabajadas y coloridas, Hugo Boss. Dia. 13 \/ h. 142 mm<\/p>\n","protected":false},"excerpt":{"rendered":"<p>Essential lady off-white la l\u00ednea &#8220;essential&#8221;, con su atractivo cl\u00e1sico, tiene un lado m\u00e1s glamoroso, con nuevas versiones disponibles en una variedad de vibrantes matices femeninos: crema, desnudo, borgo\u00f1a, gris y azul marino. los acentos de oro claro confieren a esta colecci\u00f3n una elegancia refinada y atemporal, resaltando las superficies de laca mate cuidadosamente trabajadas y coloridas, Hugo Boss. Dia. 13 \/ h. 142 mm<\/p>\n","protected":false},"featured_media":0,"comment_status":"closed","ping_status":"open","template":"","meta":[],"class_list":["post-15570","product","type-product","status-publish","hentry","product_cat-articulos-de-oficina","product_cat-regalos-ejecutivos","product_tag-blestar"],"_links":{"self":[{"href":"http:\/\/119.8.7.19\/masterprom\/wp-json\/wp\/v2\/product\/15570","targetHints":{"allow":["GET"]}}],"collection":[{"href":"http:\/\/119.8.7.19\/masterprom\/wp-json\/wp\/v2\/product"}],"about":[{"href":"http:\/\/119.8.7.19\/masterprom\/wp-json\/wp\/v2\/types\/product"}],"replies":[{"embeddable":true,"href":"http:\/\/119.8.7.19\/masterprom\/wp-json\/wp\/v2\/comments?post=15570"}],"wp:attachment":[{"href":"http:\/\/119.8.7.19\/masterprom\/wp-json\/wp\/v2\/media?parent=15570"}],"curies":[{"name":"wp","href":"https:\/\/api.w.org\/{rel}","templated":true}]}}