{"id":15567,"date":"2021-04-06T19:31:38","date_gmt":"2021-04-07T00:31:38","guid":{"rendered":"http:\/\/119.8.7.19\/masterprom\/producto\/70-752\/"},"modified":"2021-04-06T19:31:40","modified_gmt":"2021-04-07T00:31:40","slug":"70-752","status":"publish","type":"product","link":"http:\/\/119.8.7.19\/masterprom\/producto\/70-752\/","title":{"rendered":"70-752"},"content":{"rendered":"<p>Framework chrome la l\u00ednea &#8220;framework&#8221; se refiere a los contrastes. la silueta redondeada tiene una esencia cl\u00e1sica, pero los tratamientos superficiales son decididamente contempor\u00e1neos. est\u00e1 hecho a mano en una combinaci\u00f3n de varias texturas de cromo entre chapas brillantes y cepilladas &#8211; Hugo Boss. Dia. 5 x 26 \/ Ring: 36 mm<\/p>\n","protected":false},"excerpt":{"rendered":"<p>Framework chrome la l\u00ednea &#8220;framework&#8221; se refiere a los contrastes. la silueta redondeada tiene una esencia cl\u00e1sica, pero los tratamientos superficiales son decididamente contempor\u00e1neos. est\u00e1 hecho a mano en una combinaci\u00f3n de varias texturas de cromo entre chapas brillantes y cepilladas &#8211; Hugo Boss. Dia. 5 x 26 \/ Ring: 36 mm<\/p>\n","protected":false},"featured_media":0,"comment_status":"closed","ping_status":"open","template":"","meta":[],"class_list":["post-15567","product","type-product","status-publish","hentry","product_cat-articulos-de-oficina","product_cat-regalos-ejecutivos","product_tag-blestar"],"_links":{"self":[{"href":"http:\/\/119.8.7.19\/masterprom\/wp-json\/wp\/v2\/product\/15567","targetHints":{"allow":["GET"]}}],"collection":[{"href":"http:\/\/119.8.7.19\/masterprom\/wp-json\/wp\/v2\/product"}],"about":[{"href":"http:\/\/119.8.7.19\/masterprom\/wp-json\/wp\/v2\/types\/product"}],"replies":[{"embeddable":true,"href":"http:\/\/119.8.7.19\/masterprom\/wp-json\/wp\/v2\/comments?post=15567"}],"wp:attachment":[{"href":"http:\/\/119.8.7.19\/masterprom\/wp-json\/wp\/v2\/media?parent=15567"}],"curies":[{"name":"wp","href":"https:\/\/api.w.org\/{rel}","templated":true}]}}