{"id":15566,"date":"2021-04-06T19:31:38","date_gmt":"2021-04-07T00:31:38","guid":{"rendered":"http:\/\/119.8.7.19\/masterprom\/producto\/70-486\/"},"modified":"2021-04-06T19:31:40","modified_gmt":"2021-04-07T00:31:40","slug":"70-486","status":"publish","type":"product","link":"http:\/\/119.8.7.19\/masterprom\/producto\/70-486\/","title":{"rendered":"70-486"},"content":{"rendered":"<p>Advance fabric dark grey, l\u00ednea de bol\u00edgrafos atemporal con su cl\u00e1sica figura limpia, se est\u00e1 vistiendo de nuevas texturas. cada barril est\u00e1 delicadamente ensamblado y envuelto en un tejido altamente t\u00e9cnico, que recuerda a la tradici\u00f3n de la casa de moda en cuanto a trajes y sastrer\u00eda. estas piezas son un verdadero gui\u00f1o a la tradici\u00f3n de Hugo Boss. Dia. 14 \/ h. 133 mm<\/p>\n","protected":false},"excerpt":{"rendered":"<p>Advance fabric dark grey, l\u00ednea de bol\u00edgrafos atemporal con su cl\u00e1sica figura limpia, se est\u00e1 vistiendo de nuevas texturas. cada barril est\u00e1 delicadamente ensamblado y envuelto en un tejido altamente t\u00e9cnico, que recuerda a la tradici\u00f3n de la casa de moda en cuanto a trajes y sastrer\u00eda. estas piezas son un verdadero gui\u00f1o a la tradici\u00f3n de Hugo Boss. Dia. 14 \/ h. 133 mm<\/p>\n","protected":false},"featured_media":0,"comment_status":"closed","ping_status":"open","template":"","meta":[],"class_list":["post-15566","product","type-product","status-publish","hentry","product_cat-articulos-de-oficina","product_cat-regalos-ejecutivos","product_tag-blestar"],"_links":{"self":[{"href":"http:\/\/119.8.7.19\/masterprom\/wp-json\/wp\/v2\/product\/15566","targetHints":{"allow":["GET"]}}],"collection":[{"href":"http:\/\/119.8.7.19\/masterprom\/wp-json\/wp\/v2\/product"}],"about":[{"href":"http:\/\/119.8.7.19\/masterprom\/wp-json\/wp\/v2\/types\/product"}],"replies":[{"embeddable":true,"href":"http:\/\/119.8.7.19\/masterprom\/wp-json\/wp\/v2\/comments?post=15566"}],"wp:attachment":[{"href":"http:\/\/119.8.7.19\/masterprom\/wp-json\/wp\/v2\/media?parent=15566"}],"curies":[{"name":"wp","href":"https:\/\/api.w.org\/{rel}","templated":true}]}}