{"id":15558,"date":"2021-04-06T19:31:38","date_gmt":"2021-04-07T00:31:38","guid":{"rendered":"http:\/\/119.8.7.19\/masterprom\/producto\/esc-565\/"},"modified":"2021-04-06T19:31:39","modified_gmt":"2021-04-07T00:31:39","slug":"esc-565","status":"publish","type":"product","link":"http:\/\/119.8.7.19\/masterprom\/producto\/esc-565\/","title":{"rendered":"ESC 565"},"content":{"rendered":"<p>Set Burdeos Funciones: Incluye Bol\u00edgrafo, Libreta con cierre en el\u00e1stico y Cinta se\u00f1aladora , Porat-Tarjetero y Estuche de presentaci\u00f3n.  Bol\u00edgrafo: 12.7 x 1.1 cm Libreta: 14.3 x 10.2 cm Porta-Tarjetero: 9.5 x 6.5 cm<\/p>\n","protected":false},"excerpt":{"rendered":"<p>Set Burdeos Funciones: Incluye Bol\u00edgrafo, Libreta con cierre en el\u00e1stico y Cinta se\u00f1aladora , Porat-Tarjetero y Estuche de presentaci\u00f3n.  Bol\u00edgrafo: 12.7 x 1.1 cm Libreta: 14.3 x 10.2 cm Porta-Tarjetero: 9.5 x 6.5 cm<\/p>\n","protected":false},"featured_media":0,"comment_status":"closed","ping_status":"open","template":"","meta":[],"class_list":["post-15558","product","type-product","status-publish","hentry","product_cat-articulos-de-oficina","product_cat-regalos-ejecutivos","product_tag-impressline"],"_links":{"self":[{"href":"http:\/\/119.8.7.19\/masterprom\/wp-json\/wp\/v2\/product\/15558","targetHints":{"allow":["GET"]}}],"collection":[{"href":"http:\/\/119.8.7.19\/masterprom\/wp-json\/wp\/v2\/product"}],"about":[{"href":"http:\/\/119.8.7.19\/masterprom\/wp-json\/wp\/v2\/types\/product"}],"replies":[{"embeddable":true,"href":"http:\/\/119.8.7.19\/masterprom\/wp-json\/wp\/v2\/comments?post=15558"}],"wp:attachment":[{"href":"http:\/\/119.8.7.19\/masterprom\/wp-json\/wp\/v2\/media?parent=15558"}],"curies":[{"name":"wp","href":"https:\/\/api.w.org\/{rel}","templated":true}]}}