{"id":15557,"date":"2021-04-06T19:31:38","date_gmt":"2021-04-07T00:31:38","guid":{"rendered":"http:\/\/119.8.7.19\/masterprom\/producto\/esc-564\/"},"modified":"2021-04-06T19:31:39","modified_gmt":"2021-04-07T00:31:39","slug":"esc-564","status":"publish","type":"product","link":"http:\/\/119.8.7.19\/masterprom\/producto\/esc-564\/","title":{"rendered":"ESC 564"},"content":{"rendered":"<p>Set Palermo Incluye bol\u00edgrafo, libreta con filo met\u00e1lico y cierre magn\u00e9tico, identificador de<br \/>\nmaletas y Estuche de presentaci\u00f3n. Libreta: 15 x 10 cm. Bol\u00edgrafo: 13.4 x 1 cm. Identificador: 11 x 7.3 cm<\/p>\n","protected":false},"excerpt":{"rendered":"<p>Set Palermo Incluye bol\u00edgrafo, libreta con filo met\u00e1lico y cierre magn\u00e9tico, identificador de<br \/>\nmaletas y Estuche de presentaci\u00f3n. Libreta: 15 x 10 cm. Bol\u00edgrafo: 13.4 x 1 cm. Identificador: 11 x 7.3 cm<\/p>\n","protected":false},"featured_media":0,"comment_status":"closed","ping_status":"open","template":"","meta":[],"class_list":["post-15557","product","type-product","status-publish","hentry","product_cat-articulos-de-oficina","product_cat-regalos-ejecutivos","product_tag-impressline"],"_links":{"self":[{"href":"http:\/\/119.8.7.19\/masterprom\/wp-json\/wp\/v2\/product\/15557","targetHints":{"allow":["GET"]}}],"collection":[{"href":"http:\/\/119.8.7.19\/masterprom\/wp-json\/wp\/v2\/product"}],"about":[{"href":"http:\/\/119.8.7.19\/masterprom\/wp-json\/wp\/v2\/types\/product"}],"replies":[{"embeddable":true,"href":"http:\/\/119.8.7.19\/masterprom\/wp-json\/wp\/v2\/comments?post=15557"}],"wp:attachment":[{"href":"http:\/\/119.8.7.19\/masterprom\/wp-json\/wp\/v2\/media?parent=15557"}],"curies":[{"name":"wp","href":"https:\/\/api.w.org\/{rel}","templated":true}]}}